{"id":849,"date":"2026-03-06T21:14:05","date_gmt":"2026-03-06T21:14:05","guid":{"rendered":"https:\/\/michael.odnowa.org\/?page_id=849"},"modified":"2026-03-23T21:46:31","modified_gmt":"2026-03-23T21:46:31","slug":"aktualnosci-2-2-3-2","status":"publish","type":"page","link":"https:\/\/michael.odnowa.org\/?page_id=849","title":{"rendered":"&#8222;Seminarium Odnowy Wiary&#8221;"},"content":{"rendered":"\n<div class=\"wp-block-columns is-layout-flex wp-container-core-columns-is-layout-9d6595d7 wp-block-columns-is-layout-flex\">\n<div class=\"wp-block-column is-layout-flow wp-block-column-is-layout-flow\">\n<figure class=\"wp-block-image size-large\"><img loading=\"lazy\" decoding=\"async\" width=\"724\" height=\"1024\" src=\"https:\/\/michael.odnowa.org\/wp-content\/uploads\/2026\/03\/A5_Ulotka_front_new-724x1024.png\" alt=\"\" class=\"wp-image-872\" srcset=\"https:\/\/michael.odnowa.org\/wp-content\/uploads\/2026\/03\/A5_Ulotka_front_new-724x1024.png 724w, https:\/\/michael.odnowa.org\/wp-content\/uploads\/2026\/03\/A5_Ulotka_front_new-212x300.png 212w, https:\/\/michael.odnowa.org\/wp-content\/uploads\/2026\/03\/A5_Ulotka_front_new-768x1086.png 768w, https:\/\/michael.odnowa.org\/wp-content\/uploads\/2026\/03\/A5_Ulotka_front_new-1086x1536.png 1086w, https:\/\/michael.odnowa.org\/wp-content\/uploads\/2026\/03\/A5_Ulotka_front_new-1448x2048.png 1448w\" sizes=\"auto, (max-width: 724px) 100vw, 724px\" \/><\/figure>\n<\/div>\n\n\n\n<div class=\"wp-block-column is-layout-flow wp-block-column-is-layout-flow\">\n<p><br>Po czterech latach przerwy Seminarium Odnowy Wiary powraca do parafii \u015bw. Micha\u0142a Archanio\u0142a na O\u0142binie.<br>Tegoroczna edycja ma <strong data-start=\"2251\" data-end=\"2276\">charakter ignacja\u0144ski<\/strong>.<br>Oznacza to, \u017ce Seminarium b\u0119dzie prowadzi\u0142o nie tylko do poznania tre\u015bci wiary, ale tak\u017ce do <strong data-start=\"2379\" data-end=\"2401\">rozeznawania drogi<\/strong>, czyli odkrywania, w jaki spos\u00f3b B\u00f3g dzia\u0142a w konkretnym \u017cyciu cz\u0142owieka.<\/p>\n\n\n\n<p>Seminarium rodzi si\u0119 z trzech biblijnych obraz\u00f3w:<br><strong data-start=\"1514\" data-end=\"1550\">Serce z kamienia i serce z cia\u0142a<\/strong><br data-start=\"1550\" data-end=\"1553\">(Ez 36,26)<br><strong data-start=\"1565\" data-end=\"1609\">Wysch\u0142e ko\u015bci, kt\u00f3re s\u0142uchaj\u0105 S\u0142owa Boga<\/strong><br data-start=\"1609\" data-end=\"1612\">(Ez 37,4)<br><strong data-start=\"1623\" data-end=\"1657\">Zaproszenie Boga do wody \u017cycia<\/strong><br data-start=\"1657\" data-end=\"1660\">(Iz 55,1)<br>To nie s\u0105 tylko symbole. To droga, kt\u00f3r\u0105 przechodzi cz\u0142owiek.<br>Od wyschni\u0119cia. Do \u017cycia.<\/p>\n\n\n\n<p>Konferencje poprowadzi <strong data-start=\"2537\" data-end=\"2561\">o. Pawe\u0142 Adamarek SJ<\/strong> \u2013 jezuita, biblista i rekolekcjonista, kt\u00f3ry w swojej pos\u0142udze \u0142\u0105czy g\u0142\u0119bokie czytanie Pisma \u015awi\u0119tego z duchowo\u015bci\u0105 \u015bw. Ignacego Loyoli.<br><br><\/p>\n\n\n\n<p><strong>PROGRAM SEMINARIUM<\/strong><\/p>\n\n\n\n<div class=\"wp-block-file\"><a id=\"wp-block-file--media-07e2aacb-26a8-4139-bb64-21d4caf6673f\" href=\"https:\/\/michael.odnowa.org\/wp-content\/uploads\/2026\/03\/A5_Ulotka_back_new.png\">A5_Ulotka_back_new<\/a><a href=\"https:\/\/michael.odnowa.org\/wp-content\/uploads\/2026\/03\/A5_Ulotka_back_new.png\" class=\"wp-block-file__button wp-element-button\" download aria-describedby=\"wp-block-file--media-07e2aacb-26a8-4139-bb64-21d4caf6673f\">Pobierz<\/a><\/div>\n\n\n\n<hr class=\"wp-block-separator has-alpha-channel-opacity\"\/>\n<\/div>\n<\/div>\n","protected":false},"excerpt":{"rendered":"<p>Po czterech latach przerwy Seminarium Odnowy Wiary powraca do parafii \u015bw. Micha\u0142a Archanio\u0142a na O\u0142binie.Tegoroczna edycja ma charakter ignacja\u0144ski.Oznacza to, \u017ce Seminarium b\u0119dzie prowadzi\u0142o nie tylko do poznania tre\u015bci wiary, ale tak\u017ce do rozeznawania drogi, czyli odkrywania, w jaki spos\u00f3b B\u00f3g dzia\u0142a w konkretnym \u017cyciu cz\u0142owieka. Seminarium rodzi si\u0119 z trzech biblijnych obraz\u00f3w:Serce z kamienia&hellip;&nbsp;<a href=\"https:\/\/michael.odnowa.org\/?page_id=849\" rel=\"bookmark\">Dowiedz si\u0119 wi\u0119cej &raquo;<span class=\"screen-reader-text\">&#8222;Seminarium Odnowy Wiary&#8221;<\/span><\/a><\/p>\n","protected":false},"author":1,"featured_media":0,"parent":0,"menu_order":0,"comment_status":"closed","ping_status":"closed","template":"","meta":{"neve_meta_sidebar":"","neve_meta_container":"","neve_meta_enable_content_width":"","neve_meta_content_width":0,"neve_meta_title_alignment":"","neve_meta_author_avatar":"","neve_post_elements_order":"","neve_meta_disable_header":"","neve_meta_disable_footer":"","neve_meta_disable_title":"","footnotes":""},"class_list":["post-849","page","type-page","status-publish","hentry"],"_links":{"self":[{"href":"https:\/\/michael.odnowa.org\/index.php?rest_route=\/wp\/v2\/pages\/849","targetHints":{"allow":["GET"]}}],"collection":[{"href":"https:\/\/michael.odnowa.org\/index.php?rest_route=\/wp\/v2\/pages"}],"about":[{"href":"https:\/\/michael.odnowa.org\/index.php?rest_route=\/wp\/v2\/types\/page"}],"author":[{"embeddable":true,"href":"https:\/\/michael.odnowa.org\/index.php?rest_route=\/wp\/v2\/users\/1"}],"replies":[{"embeddable":true,"href":"https:\/\/michael.odnowa.org\/index.php?rest_route=%2Fwp%2Fv2%2Fcomments&post=849"}],"version-history":[{"count":8,"href":"https:\/\/michael.odnowa.org\/index.php?rest_route=\/wp\/v2\/pages\/849\/revisions"}],"predecessor-version":[{"id":896,"href":"https:\/\/michael.odnowa.org\/index.php?rest_route=\/wp\/v2\/pages\/849\/revisions\/896"}],"wp:attachment":[{"href":"https:\/\/michael.odnowa.org\/index.php?rest_route=%2Fwp%2Fv2%2Fmedia&parent=849"}],"curies":[{"name":"wp","href":"https:\/\/api.w.org\/{rel}","templated":true}]}}