{"id":810,"date":"2025-01-08T20:40:07","date_gmt":"2025-01-08T20:40:07","guid":{"rendered":"https:\/\/michael.odnowa.org\/?page_id=810"},"modified":"2025-01-11T12:04:56","modified_gmt":"2025-01-11T12:04:56","slug":"aktualnosci-2-2-3","status":"publish","type":"page","link":"https:\/\/michael.odnowa.org\/?page_id=810","title":{"rendered":"&#8222;M\u0119\u017cne Serce. Droga Wojownika&#8221;"},"content":{"rendered":"\n<div class=\"wp-block-columns is-layout-flex wp-container-core-columns-is-layout-9d6595d7 wp-block-columns-is-layout-flex\">\n<div class=\"wp-block-column is-layout-flow wp-block-column-is-layout-flow\"><div class=\"wp-block-image\">\n<figure class=\"alignleft size-full is-resized\"><img loading=\"lazy\" decoding=\"async\" width=\"3511\" height=\"4488\" src=\"https:\/\/michael.odnowa.org\/wp-content\/uploads\/2025\/01\/Droga-wojownika.jpg\" alt=\"\" class=\"wp-image-822\" style=\"aspect-ratio:0.715;width:464px;height:auto\" srcset=\"https:\/\/michael.odnowa.org\/wp-content\/uploads\/2025\/01\/Droga-wojownika.jpg 3511w, https:\/\/michael.odnowa.org\/wp-content\/uploads\/2025\/01\/Droga-wojownika-235x300.jpg 235w, https:\/\/michael.odnowa.org\/wp-content\/uploads\/2025\/01\/Droga-wojownika-801x1024.jpg 801w, https:\/\/michael.odnowa.org\/wp-content\/uploads\/2025\/01\/Droga-wojownika-768x982.jpg 768w, https:\/\/michael.odnowa.org\/wp-content\/uploads\/2025\/01\/Droga-wojownika-1202x1536.jpg 1202w, https:\/\/michael.odnowa.org\/wp-content\/uploads\/2025\/01\/Droga-wojownika-1602x2048.jpg 1602w\" sizes=\"auto, (max-width: 3511px) 100vw, 3511px\" \/><\/figure>\n<\/div><\/div>\n\n\n\n<div class=\"wp-block-column is-layout-flow wp-block-column-is-layout-flow\">\n<p style=\"text-align: center;\">Serdecznie zapraszamy na nasz Kurs: <br \/><em><strong>&#8222;M\u0119\u017cne Serca. Droga Wojownika&#8221;<\/strong><br \/><\/em>To cykl trzech spotka\u0144 weekendowych dla aktywnych m\u0119\u017cczyzn, kt\u00f3rzy poszukuj\u0105 i pragn\u0105 odnale\u017a\u0107 swoj\u0105 to\u017csamo\u015b\u0107 w \u015bwiecie i Ko\u015bciele. <br \/>Wi\u0119cej na temat kursu oraz Zapisy przez formularz na stronie internetowej parafii:<\/p>\n\n\n\n<pre class=\"wp-block-code\"><code><a href=\"https:\/\/docs.google.com\/forms\/d\/e\/1FAIpQLSfNPD6aIi5Qh5ABnQwBIWelmg2OgdftvwrYCqPRUPe5AKL5rQ\/viewform?pli=1\">https:\/\/docs.google.com\/forms\/d\/e\/1FAIpQLSf2Aoqr7fukJAJ0QEabvxQ8Shaku5BJEk-MoogViRk7SzdT7w\/viewform?pli<\/a><a href=\"https:\/\/docs.google.com\/forms\/d\/e\/1FAIpQLSf2Aoqr7fukJAJ0QEabvxQ8Shaku5BJEk-MoogViRk7SzdT7w\/viewform?pli=1\">=1<\/a><\/code><\/pre>\n\n\n\n<p class=\"has-text-align-center\"><em>dotychczas <em>zrealizowane przez<\/em> nas seminaria (kursy)  <\/em><\/p>\n\n\n\n<figure class=\"wp-block-gallery has-nested-images columns-default is-cropped wp-block-gallery-1 is-layout-flex wp-block-gallery-is-layout-flex\">\n<figure class=\"wp-block-image size-large\"><img loading=\"lazy\" decoding=\"async\" width=\"1024\" height=\"702\" data-id=\"363\" src=\"https:\/\/michael.odnowa.org\/wp-content\/uploads\/2024\/01\/IMG_6127-1024x702.jpg\" alt=\"\" class=\"wp-image-363\" srcset=\"https:\/\/michael.odnowa.org\/wp-content\/uploads\/2024\/01\/IMG_6127-1024x702.jpg 1024w, https:\/\/michael.odnowa.org\/wp-content\/uploads\/2024\/01\/IMG_6127-300x206.jpg 300w, https:\/\/michael.odnowa.org\/wp-content\/uploads\/2024\/01\/IMG_6127-768x526.jpg 768w, https:\/\/michael.odnowa.org\/wp-content\/uploads\/2024\/01\/IMG_6127-1536x1053.jpg 1536w, https:\/\/michael.odnowa.org\/wp-content\/uploads\/2024\/01\/IMG_6127-2048x1403.jpg 2048w\" sizes=\"auto, (max-width: 1024px) 100vw, 1024px\" \/><\/figure>\n\n\n\n<figure class=\"wp-block-image size-large\"><img loading=\"lazy\" decoding=\"async\" width=\"1024\" height=\"688\" data-id=\"345\" src=\"https:\/\/michael.odnowa.org\/wp-content\/uploads\/2024\/01\/IMG_6126-2-1024x688.jpg\" alt=\"\" class=\"wp-image-345\" srcset=\"https:\/\/michael.odnowa.org\/wp-content\/uploads\/2024\/01\/IMG_6126-2-1024x688.jpg 1024w, https:\/\/michael.odnowa.org\/wp-content\/uploads\/2024\/01\/IMG_6126-2-300x202.jpg 300w, https:\/\/michael.odnowa.org\/wp-content\/uploads\/2024\/01\/IMG_6126-2-768x516.jpg 768w, https:\/\/michael.odnowa.org\/wp-content\/uploads\/2024\/01\/IMG_6126-2-1536x1032.jpg 1536w, https:\/\/michael.odnowa.org\/wp-content\/uploads\/2024\/01\/IMG_6126-2-2048x1377.jpg 2048w\" sizes=\"auto, (max-width: 1024px) 100vw, 1024px\" \/><\/figure>\n\n\n\n<figure class=\"wp-block-image size-large\"><img loading=\"lazy\" decoding=\"async\" width=\"1024\" height=\"473\" data-id=\"358\" src=\"https:\/\/michael.odnowa.org\/wp-content\/uploads\/2024\/01\/2705FB34-96CB-43AF-B84C-4CC898282FB6-1024x473.jpg\" alt=\"\" class=\"wp-image-358\" srcset=\"https:\/\/michael.odnowa.org\/wp-content\/uploads\/2024\/01\/2705FB34-96CB-43AF-B84C-4CC898282FB6-1024x473.jpg 1024w, https:\/\/michael.odnowa.org\/wp-content\/uploads\/2024\/01\/2705FB34-96CB-43AF-B84C-4CC898282FB6-300x138.jpg 300w, https:\/\/michael.odnowa.org\/wp-content\/uploads\/2024\/01\/2705FB34-96CB-43AF-B84C-4CC898282FB6-768x354.jpg 768w, https:\/\/michael.odnowa.org\/wp-content\/uploads\/2024\/01\/2705FB34-96CB-43AF-B84C-4CC898282FB6.jpg 1300w\" sizes=\"auto, (max-width: 1024px) 100vw, 1024px\" \/><\/figure>\n\n\n\n<figure class=\"wp-block-image size-large\"><img loading=\"lazy\" decoding=\"async\" width=\"1024\" height=\"688\" data-id=\"346\" src=\"https:\/\/michael.odnowa.org\/wp-content\/uploads\/2024\/01\/IMG_6124-1024x688.jpg\" alt=\"\" class=\"wp-image-346\" srcset=\"https:\/\/michael.odnowa.org\/wp-content\/uploads\/2024\/01\/IMG_6124-1024x688.jpg 1024w, https:\/\/michael.odnowa.org\/wp-content\/uploads\/2024\/01\/IMG_6124-300x202.jpg 300w, https:\/\/michael.odnowa.org\/wp-content\/uploads\/2024\/01\/IMG_6124-768x516.jpg 768w, https:\/\/michael.odnowa.org\/wp-content\/uploads\/2024\/01\/IMG_6124-1536x1032.jpg 1536w, https:\/\/michael.odnowa.org\/wp-content\/uploads\/2024\/01\/IMG_6124-2048x1376.jpg 2048w\" sizes=\"auto, (max-width: 1024px) 100vw, 1024px\" \/><\/figure>\n\n\n\n<figure class=\"wp-block-image size-large\"><img loading=\"lazy\" decoding=\"async\" width=\"900\" height=\"675\" data-id=\"349\" src=\"https:\/\/michael.odnowa.org\/wp-content\/uploads\/2024\/01\/alpha.jpg\" alt=\"\" class=\"wp-image-349\" srcset=\"https:\/\/michael.odnowa.org\/wp-content\/uploads\/2024\/01\/alpha.jpg 900w, https:\/\/michael.odnowa.org\/wp-content\/uploads\/2024\/01\/alpha-300x225.jpg 300w, https:\/\/michael.odnowa.org\/wp-content\/uploads\/2024\/01\/alpha-768x576.jpg 768w\" sizes=\"auto, (max-width: 900px) 100vw, 900px\" \/><\/figure>\n\n\n\n<figure class=\"wp-block-image size-large\"><img loading=\"lazy\" decoding=\"async\" width=\"1024\" height=\"691\" data-id=\"344\" src=\"https:\/\/michael.odnowa.org\/wp-content\/uploads\/2024\/01\/IMG_6125-1024x691.jpg\" alt=\"\" class=\"wp-image-344\" srcset=\"https:\/\/michael.odnowa.org\/wp-content\/uploads\/2024\/01\/IMG_6125-1024x691.jpg 1024w, https:\/\/michael.odnowa.org\/wp-content\/uploads\/2024\/01\/IMG_6125-300x202.jpg 300w, https:\/\/michael.odnowa.org\/wp-content\/uploads\/2024\/01\/IMG_6125-768x518.jpg 768w, https:\/\/michael.odnowa.org\/wp-content\/uploads\/2024\/01\/IMG_6125-1536x1036.jpg 1536w, https:\/\/michael.odnowa.org\/wp-content\/uploads\/2024\/01\/IMG_6125-2048x1381.jpg 2048w\" sizes=\"auto, (max-width: 1024px) 100vw, 1024px\" \/><\/figure>\n<\/figure>\n<\/div>\n<\/div>\n","protected":false},"excerpt":{"rendered":"<p>Serdecznie zapraszamy na nasz Kurs: &#8222;M\u0119\u017cne Serca. Droga Wojownika&#8221;To cykl trzech spotka\u0144 weekendowych dla aktywnych m\u0119\u017cczyzn, kt\u00f3rzy poszukuj\u0105 i pragn\u0105 odnale\u017a\u0107 swoj\u0105 to\u017csamo\u015b\u0107 w \u015bwiecie i Ko\u015bciele. Wi\u0119cej na temat kursu oraz Zapisy przez formularz na stronie internetowej parafii: dotychczas zrealizowane przez nas seminaria (kursy)<\/p>\n","protected":false},"author":1,"featured_media":0,"parent":0,"menu_order":0,"comment_status":"closed","ping_status":"closed","template":"","meta":{"neve_meta_sidebar":"","neve_meta_container":"","neve_meta_enable_content_width":"","neve_meta_content_width":0,"neve_meta_title_alignment":"","neve_meta_author_avatar":"","neve_post_elements_order":"","neve_meta_disable_header":"","neve_meta_disable_footer":"","neve_meta_disable_title":"","footnotes":""},"class_list":["post-810","page","type-page","status-publish","hentry"],"_links":{"self":[{"href":"https:\/\/michael.odnowa.org\/index.php?rest_route=\/wp\/v2\/pages\/810","targetHints":{"allow":["GET"]}}],"collection":[{"href":"https:\/\/michael.odnowa.org\/index.php?rest_route=\/wp\/v2\/pages"}],"about":[{"href":"https:\/\/michael.odnowa.org\/index.php?rest_route=\/wp\/v2\/types\/page"}],"author":[{"embeddable":true,"href":"https:\/\/michael.odnowa.org\/index.php?rest_route=\/wp\/v2\/users\/1"}],"replies":[{"embeddable":true,"href":"https:\/\/michael.odnowa.org\/index.php?rest_route=%2Fwp%2Fv2%2Fcomments&post=810"}],"version-history":[{"count":8,"href":"https:\/\/michael.odnowa.org\/index.php?rest_route=\/wp\/v2\/pages\/810\/revisions"}],"predecessor-version":[{"id":825,"href":"https:\/\/michael.odnowa.org\/index.php?rest_route=\/wp\/v2\/pages\/810\/revisions\/825"}],"wp:attachment":[{"href":"https:\/\/michael.odnowa.org\/index.php?rest_route=%2Fwp%2Fv2%2Fmedia&parent=810"}],"curies":[{"name":"wp","href":"https:\/\/api.w.org\/{rel}","templated":true}]}}