{"id":79,"date":"2023-10-12T18:06:02","date_gmt":"2023-10-12T18:06:02","guid":{"rendered":"https:\/\/michael.odnowa.org\/?page_id=79"},"modified":"2023-10-15T09:18:11","modified_gmt":"2023-10-15T09:18:11","slug":"cel-wspolnoty","status":"publish","type":"page","link":"https:\/\/michael.odnowa.org\/?page_id=79","title":{"rendered":"Cel wsp\u00f3lnoty"},"content":{"rendered":"\n<p>Wsp\u00f3lnota Odnowy w\u00a0Duchu \u015awi\u0119tym jest miejscem formacji modlitewnej, biblijnej i\u00a0liturgicznej, kt\u00f3ra\u00a0rozpoczyna si\u0119 od\u00a0seminarium by\u00a0trwa\u0107 ju\u017c potem nieustannie.<\/p>\n\n\n\n<p><strong>Uczymy si\u0119:<\/strong><\/p>\n\n\n\n<ul class=\"wp-block-list\">\n<li>czyta\u0107 codziennie Pismo \u015awi\u0119te, rozwa\u017ca\u0107 je, wprowadza\u0107 i&nbsp;odnajdowa\u0107 w&nbsp;swoim \u017cyciu,<\/li>\n\n\n\n<li>skupia\u0107 si\u0119 w&nbsp;modlitwie na&nbsp;uwielbieniu i&nbsp;dzi\u0119kczynieniu a&nbsp;nie&nbsp;na&nbsp;pro\u015bbie,<\/li>\n\n\n\n<li>modli\u0107 si\u0119 w\u0142asnymi s\u0142owami i&nbsp;z&nbsp;ca\u0142ym zaanga\u017cowaniem (gesty, \u015bpiew),<\/li>\n\n\n\n<li>wypowiada\u0107 modlitw\u0119 na&nbsp;g\u0142os wobec wsp\u00f3lnoty,<\/li>\n\n\n\n<li>doskonali\u0107 modlitw\u0119 osobist\u0105,<\/li>\n\n\n\n<li>docenia\u0107 cisz\u0119 i&nbsp;ws\u0142uchiwa\u0107 si\u0119 w&nbsp;Bo\u017ce natchnienia,<\/li>\n\n\n\n<li>odnajdowa\u0107 g\u0142\u0119bi\u0119 w&nbsp;tradycyjnych formach modlitwy \u2013 Eucharystia, Liturgia Godzin,<\/li>\n\n\n\n<li>docenia\u0107 i&nbsp;korzysta\u0107 z&nbsp;sakrament\u00f3w, zw\u0142aszcza ze&nbsp;sakramentu Pokuty i&nbsp;Eucharystii,<\/li>\n\n\n\n<li>pog\u0142\u0119bia\u0107 wiedz\u0119 religijn\u0105,<\/li>\n\n\n\n<li>rozpoznawa\u0107 dzia\u0142anie Boga w&nbsp;swoim \u017cyciu i&nbsp;m\u00f3wi\u0107 o&nbsp;tym,<\/li>\n\n\n\n<li>nieustannie nawraca\u0107 si\u0119 ze&nbsp;swoich grzech\u00f3w i&nbsp;s\u0142abo\u015bci,<\/li>\n\n\n\n<li>rozmawia\u0107 o&nbsp;Bogu, o&nbsp;swoim do\u015bwiadczeniu wiary, o&nbsp;trudno\u015bciach i&nbsp;rado\u015bciach,<\/li>\n\n\n\n<li>\u017cy\u0107 i&nbsp;trwa\u0107 we&nbsp;wsp\u00f3lnocie,<\/li>\n\n\n\n<li>by\u0107 wra\u017cliwym na&nbsp;drugiego cz\u0142owieka, akceptowa\u0107 jego inno\u015b\u0107 i&nbsp;dostrzega\u0107 potrzeby,<\/li>\n\n\n\n<li>samemu korzysta\u0107 z&nbsp;pomocy innych,<\/li>\n\n\n\n<li>uzdrawia\u0107 relacje mi\u0119dzyludzkie w&nbsp;swoich rodzinach, w&nbsp;miejscu pracy.<\/li>\n<\/ul>\n","protected":false},"excerpt":{"rendered":"<p>Wsp\u00f3lnota Odnowy w\u00a0Duchu \u015awi\u0119tym jest miejscem formacji modlitewnej, biblijnej i\u00a0liturgicznej, kt\u00f3ra\u00a0rozpoczyna si\u0119 od\u00a0seminarium by\u00a0trwa\u0107 ju\u017c potem nieustannie. Uczymy si\u0119:<\/p>\n","protected":false},"author":1,"featured_media":0,"parent":0,"menu_order":0,"comment_status":"closed","ping_status":"closed","template":"","meta":{"neve_meta_sidebar":"","neve_meta_container":"","neve_meta_enable_content_width":"","neve_meta_content_width":0,"neve_meta_title_alignment":"","neve_meta_author_avatar":"","neve_post_elements_order":"","neve_meta_disable_header":"","neve_meta_disable_footer":"","neve_meta_disable_title":"","footnotes":""},"class_list":["post-79","page","type-page","status-publish","hentry"],"_links":{"self":[{"href":"https:\/\/michael.odnowa.org\/index.php?rest_route=\/wp\/v2\/pages\/79","targetHints":{"allow":["GET"]}}],"collection":[{"href":"https:\/\/michael.odnowa.org\/index.php?rest_route=\/wp\/v2\/pages"}],"about":[{"href":"https:\/\/michael.odnowa.org\/index.php?rest_route=\/wp\/v2\/types\/page"}],"author":[{"embeddable":true,"href":"https:\/\/michael.odnowa.org\/index.php?rest_route=\/wp\/v2\/users\/1"}],"replies":[{"embeddable":true,"href":"https:\/\/michael.odnowa.org\/index.php?rest_route=%2Fwp%2Fv2%2Fcomments&post=79"}],"version-history":[{"count":2,"href":"https:\/\/michael.odnowa.org\/index.php?rest_route=\/wp\/v2\/pages\/79\/revisions"}],"predecessor-version":[{"id":126,"href":"https:\/\/michael.odnowa.org\/index.php?rest_route=\/wp\/v2\/pages\/79\/revisions\/126"}],"wp:attachment":[{"href":"https:\/\/michael.odnowa.org\/index.php?rest_route=%2Fwp%2Fv2%2Fmedia&parent=79"}],"curies":[{"name":"wp","href":"https:\/\/api.w.org\/{rel}","templated":true}]}}