{"id":769,"date":"2024-10-14T12:57:52","date_gmt":"2024-10-14T12:57:52","guid":{"rendered":"https:\/\/michael.odnowa.org\/?page_id=769"},"modified":"2024-10-15T16:54:05","modified_gmt":"2024-10-15T16:54:05","slug":"sluzba-diakonie-2-6","status":"publish","type":"page","link":"https:\/\/michael.odnowa.org\/?page_id=769","title":{"rendered":"Diakonia Or\u0119downicza"},"content":{"rendered":"\n<p><\/p>\n\n\n\n<div class=\"wp-block-columns is-layout-flex wp-container-core-columns-is-layout-9d6595d7 wp-block-columns-is-layout-flex\">\n<div class=\"wp-block-column is-layout-flow wp-block-column-is-layout-flow\">\n<figure class=\"wp-block-image size-full is-resized\"><img loading=\"lazy\" decoding=\"async\" width=\"675\" height=\"777\" src=\"https:\/\/michael.odnowa.org\/wp-content\/uploads\/2024\/10\/diakonia-oredownicza.jpg\" alt=\"\" class=\"wp-image-636\" style=\"width:370px;height:auto\" srcset=\"https:\/\/michael.odnowa.org\/wp-content\/uploads\/2024\/10\/diakonia-oredownicza.jpg 675w, https:\/\/michael.odnowa.org\/wp-content\/uploads\/2024\/10\/diakonia-oredownicza-261x300.jpg 261w\" sizes=\"auto, (max-width: 675px) 100vw, 675px\" \/><\/figure>\n<\/div>\n\n\n\n<div class=\"wp-block-column is-layout-flow wp-block-column-is-layout-flow\">\n<p><\/p>\n\n\n\n<p class=\"has-text-align-center has-nv-light-bg-background-color has-background\"> <strong>osoba odpowiedzialna<\/strong><\/p>\n\n\n\n<p class=\"has-text-align-center has-medium-font-size\"><em>Krystyna<\/em><\/p>\n\n\n\n<p class=\"has-text-align-center has-nv-light-bg-background-color has-background\"><strong>dane kontaktowe<\/strong><\/p>\n\n\n\n<ul class=\"wp-block-list\">\n<li><em>oredownicy.michael.odnowa@gmail.com <\/em><\/li>\n\n\n\n<li><em><em>tel.: <\/em><\/em><strong><em>884 397 521<\/em><\/strong><\/li>\n<\/ul>\n<\/div>\n\n\n\n<div class=\"wp-block-column is-layout-flow wp-block-column-is-layout-flow\">\n<p class=\"has-text-align-center has-nv-light-bg-background-color has-text-color has-background has-link-color wp-elements-5b6b8f26415f805e0fbbaac55ba28bbc\" style=\"color:#6961f2;font-size:18px\"><strong><em>Ka\u017cdy mo\u017ce\u00a0do\u015bwiadczy\u0107 dobra, jakie p\u0142ynie\u00a0z pos\u0142ugi\u00a0modlitw\u0105, rado\u015bci\u00a0i umocnienia dla siebie i innych. Zapraszamy ka\u017cdego, kto\u00a0lubi i chce si\u0119 modli\u0107, nie tylko w swoich sprawach.<\/em><\/strong><\/p>\n\n\n\n<p class=\"has-text-align-center has-nv-light-bg-background-color has-text-color has-background has-link-color wp-elements-dfda66d56bc6c28a4eb0bb22f3ffa092\" style=\"color:#6961f2;font-size:18px\"><strong><em>Wezwanie skierowane do os\u00f3b, w ka\u017cdym wieku, kt\u00f3re podejm\u0105 okre\u015blon\u0105 form\u0119 modlitwy, postu, lub dobrego uczynku, na czas przez siebie wyznaczony.   <\/em><\/strong><\/p>\n<\/div>\n<\/div>\n\n\n\n<div class=\"wp-block-columns is-layout-flex wp-container-core-columns-is-layout-9d6595d7 wp-block-columns-is-layout-flex\">\n<div class=\"wp-block-column is-layout-flow wp-block-column-is-layout-flow\">\n<p class=\"has-text-align-center has-background\" style=\"background-color:#ededed\"><strong>kilka s\u0142\u00f3w o nas<\/strong><\/p>\n\n\n\n<p class=\"has-text-align-center\">Jeste\u015bmy jedn\u0105 z\u00a0 podstawowych Diakoni Wsp\u00f3lnoty Michael, poniewa\u017c modlitwa jest fundamentaln\u0105 \u201eform\u0105\u201d \u017cycia chrze\u015bcija\u0144skiego.<\/p>\n\n\n\n<p class=\"has-text-align-center\">Ka\u017cdy mo\u017ce do nas przys\u0142a\u0107 SMS-a, napisa\u0107 maila, zadzwoni\u0107 czy przyj\u015b\u0107 i poprosi\u0107 o modlitw\u0119 w potrzebnej intencji.<\/p>\n\n\n\n<p class=\"has-text-align-center\">Diakonia Or\u0119downik\u00f3w czuwa r\u00f3wnie\u017c nad ogarnianiem modlitw\u0105\u00a0 bie\u017c\u0105cych wydarze\u0144, spraw i potrzeb Wsp\u00f3lnoty.W powierzonych nam intencjach modlimy si\u0119 codziennie, zwykle indywidualnie\u00a0 w zaciszu domowym,\u00a0 Koronk\u0105 do Mi\u0142osierdzia Bo\u017cego, R\u00f3\u017ca\u0144cem, Litani\u0105 lub dowoln\u0105 modlitw\u0105, kt\u00f3ra jest szczeg\u00f3lnie bliska sercu ka\u017cdego Or\u0119downika. Nie stronimy\u00a0 r\u00f3wnie\u017c od postu, ja\u0142mu\u017cny i dobrych uczynk\u00f3w.<\/p>\n\n\n\n<p class=\"has-text-align-center\">Or\u0119downicy stanowi\u0105\u00a0 grup\u0119 ludzi w r\u00f3\u017cnym wieku, kt\u00f3rzy odkryli w sobie szczeg\u00f3lne wezwanie do modlitwy za innych. Pan B\u00f3g nas przynagla do tej pos\u0142ugi a my przyjmujemy z rado\u015bci\u0105 i wdzi\u0119czno\u015bci\u0105 to,\u00a0\u017ce mo\u017cemy s\u0142u\u017cy\u0107 modlitwami naszym siostrom i braciom\u00a0 na Chwa\u0142\u0119\u00a0 Bo\u017c\u0105. Ka\u017cdego dnia do\u015bwiadczamy dobra, jakie p\u0142ynie dla innych i dla nas osobi\u015bcie z tej pos\u0142ugi , ono nas buduje i powoduje wzrost w \u017cyciu duchowym, umacnia wiar\u0119\u00a0w obietnic\u0119 Jezusa:<br>\u201e<strong><em>Je\u015bli dw\u00f3ch z was na ziemi zgodnie o co\u015b prosi\u0107 b\u0119dzie, to wszystko otrzymaj\u0105 od mojego Ojca, kt\u00f3ry jest w niebie. Bo gdzie s\u0105 dwaj albo trzej zebrani w imi\u0119 moje , tam jestem po\u015br\u00f3d nich\u201d (Mt 18,19-20)<\/em><\/strong>.<\/p>\n<\/div>\n\n\n\n<div class=\"wp-block-column is-layout-flow wp-block-column-is-layout-flow\">\n<p class=\"has-text-align-center has-nv-light-bg-background-color has-background\"><strong>nasze pos\u0142ugi<\/strong><\/p>\n\n\n\n<ul class=\"wp-block-list\">\n<ul class=\"wp-block-list\">\n<li>modlitwa w powierzonych intencjach zar\u00f3wno przez cz\u0142onk\u00f3w&nbsp; Wsp\u00f3lnoty jak i os\u00f3b&nbsp; z zewn\u0105trz,<\/li>\n\n\n\n<li>wspieranie parafii i r\u00f3\u017cnych dzie\u0142 Wsp\u00f3lnoty (modlitwa w intencji uczestnik\u00f3w kursu \u201e\u017bycie od nowa\u201d, \u201eAlpha\u201d, \u201eSeminarium odnowy wiary\u201d),<\/li>\n\n\n\n<li>wsp\u00f3\u0142praca z Diakoni\u0105 Modlitwy Wstawienniczej (omadlanie os\u00f3b korzystaj\u0105cych z modlitwy jak i&nbsp; samych Wstawiennik\u00f3w),<\/li>\n\n\n\n<li>inicjowanie\u00a0 i zapraszanie\u00a0 do wsp\u00f3lnych modlitw cz\u0142onk\u00f3w Wsp\u00f3lnoty w wa\u017cnych intencjach wynikaj\u0105cych z potrzeb.<\/li>\n<\/ul>\n<\/ul>\n\n\n\n<p class=\"has-text-align-center has-nv-light-bg-background-color has-background\"><strong>formacja<\/strong><\/p>\n\n\n\n<p>Pos\u0142uga modlitewna jest oparta o nasz\u0105 wewn\u0119trzn\u0105 formacj\u0119 :<\/p>\n\n\n\n<ul class=\"wp-block-list\">\n<li>troska o \u017cycie modlitwy cz\u0142onk\u00f3w Diakonii Or\u0119downik\u00f3w,<\/li>\n\n\n\n<li>budzenie zainteresowania modlitw\u0105, postem i ja\u0142mu\u017cn\u0105,<\/li>\n\n\n\n<li>rozmowy indywidualne, g\u0142\u00f3wnie dotycz\u0105ce \u017cycia duchowego,<\/li>\n\n\n\n<li>zbieranie i systematyzowanie materia\u0142\u00f3w z zakresu modlitwy,<\/li>\n\n\n\n<li>rekolekcje\u00a0 organizowane przez nasz\u0105 Wsp\u00f3lnot\u0119.<\/li>\n<\/ul>\n<\/div>\n\n\n\n<div class=\"wp-block-column is-layout-flow wp-block-column-is-layout-flow\">\n<p class=\"has-text-align-center has-nv-light-bg-background-color has-background\"><strong>spotkania diakonii<\/strong><\/p>\n\n\n\n<p class=\"has-text-align-center\">Diakonia spotyka si\u0119 na wsp\u00f3lnej modlitwie cyklicznie <strong>raz w miesi\u0105cu<\/strong> w Kawiarence Michaela w ka\u017cdy <strong>drugi\u00a0czwartek<\/strong> m-ca po wieczornej Mszy \u015awi\u0119tej.<\/p>\n\n\n\n<p class=\"has-text-align-center has-nv-light-bg-background-color has-background\" style=\"font-size:18px\"><strong>Do\u0142\u0105czenie do grona Or\u0119downik\u00f3w nie wi\u0105\u017ce si\u0119 z automatycznym w\u0142\u0105czeniem do naszej Wsp\u00f3lnoty, czy jakimi\u015b dodatkowymi zobowi\u0105zaniami.<\/strong><\/p>\n\n\n\n<p class=\"has-text-align-center has-nv-light-bg-background-color has-text-color has-background has-link-color wp-elements-1be50f00ec7d26441d6e6f5c3521a1bc\" style=\"color:#6961f2\"><strong>Emmanuel &#8211; B\u00f3g z nami!<\/strong><\/p>\n\n\n\n<p class=\"has-text-align-center has-nv-light-bg-background-color has-background\"><strong>\u00a0Zapraszamy\u00a0 ju\u017c teraz do naszego zespo\u0142u!<\/strong><\/p>\n<\/div>\n<\/div>\n\n\n\n<p class=\"has-nv-light-bg-background-color has-background\"><strong>galeria<\/strong><\/p>\n\n\n\n<p><em>wkr\u00f3tce&#8230;<\/em><\/p>\n","protected":false},"excerpt":{"rendered":"<p>osoba odpowiedzialna Krystyna dane kontaktowe Ka\u017cdy mo\u017ce\u00a0do\u015bwiadczy\u0107 dobra, jakie p\u0142ynie\u00a0z pos\u0142ugi\u00a0modlitw\u0105, rado\u015bci\u00a0i umocnienia dla siebie i innych. Zapraszamy ka\u017cdego, kto\u00a0lubi i chce si\u0119 modli\u0107, nie tylko w swoich sprawach. Wezwanie skierowane do os\u00f3b, w ka\u017cdym wieku, kt\u00f3re podejm\u0105 okre\u015blon\u0105 form\u0119 modlitwy, postu, lub dobrego uczynku, na czas przez siebie wyznaczony. kilka s\u0142\u00f3w o nas Jeste\u015bmy&hellip;&nbsp;<a href=\"https:\/\/michael.odnowa.org\/?page_id=769\" rel=\"bookmark\">Dowiedz si\u0119 wi\u0119cej &raquo;<span class=\"screen-reader-text\">Diakonia Or\u0119downicza<\/span><\/a><\/p>\n","protected":false},"author":1,"featured_media":0,"parent":0,"menu_order":0,"comment_status":"closed","ping_status":"closed","template":"","meta":{"neve_meta_sidebar":"","neve_meta_container":"","neve_meta_enable_content_width":"","neve_meta_content_width":0,"neve_meta_title_alignment":"","neve_meta_author_avatar":"","neve_post_elements_order":"","neve_meta_disable_header":"","neve_meta_disable_footer":"","neve_meta_disable_title":"on","footnotes":""},"class_list":["post-769","page","type-page","status-publish","hentry"],"_links":{"self":[{"href":"https:\/\/michael.odnowa.org\/index.php?rest_route=\/wp\/v2\/pages\/769","targetHints":{"allow":["GET"]}}],"collection":[{"href":"https:\/\/michael.odnowa.org\/index.php?rest_route=\/wp\/v2\/pages"}],"about":[{"href":"https:\/\/michael.odnowa.org\/index.php?rest_route=\/wp\/v2\/types\/page"}],"author":[{"embeddable":true,"href":"https:\/\/michael.odnowa.org\/index.php?rest_route=\/wp\/v2\/users\/1"}],"replies":[{"embeddable":true,"href":"https:\/\/michael.odnowa.org\/index.php?rest_route=%2Fwp%2Fv2%2Fcomments&post=769"}],"version-history":[{"count":15,"href":"https:\/\/michael.odnowa.org\/index.php?rest_route=\/wp\/v2\/pages\/769\/revisions"}],"predecessor-version":[{"id":798,"href":"https:\/\/michael.odnowa.org\/index.php?rest_route=\/wp\/v2\/pages\/769\/revisions\/798"}],"wp:attachment":[{"href":"https:\/\/michael.odnowa.org\/index.php?rest_route=%2Fwp%2Fv2%2Fmedia&parent=769"}],"curies":[{"name":"wp","href":"https:\/\/api.w.org\/{rel}","templated":true}]}}