{"id":701,"date":"2024-10-13T18:35:30","date_gmt":"2024-10-13T18:35:30","guid":{"rendered":"https:\/\/michael.odnowa.org\/?page_id=701"},"modified":"2024-10-15T17:03:06","modified_gmt":"2024-10-15T17:03:06","slug":"sluzba-diakonie-2-4","status":"publish","type":"page","link":"https:\/\/michael.odnowa.org\/?page_id=701","title":{"rendered":"Diakonia Mi\u0142osierdzia"},"content":{"rendered":"\n<p><\/p>\n\n\n\n<div class=\"wp-block-columns is-layout-flex wp-container-core-columns-is-layout-9d6595d7 wp-block-columns-is-layout-flex\">\n<div class=\"wp-block-column is-layout-flow wp-block-column-is-layout-flow\">\n<figure class=\"wp-block-image size-full is-resized\"><img loading=\"lazy\" decoding=\"async\" width=\"675\" height=\"777\" src=\"https:\/\/michael.odnowa.org\/wp-content\/uploads\/2024\/10\/diakonia-milosierdzia.jpg\" alt=\"\" class=\"wp-image-635\" style=\"width:370px;height:auto\" srcset=\"https:\/\/michael.odnowa.org\/wp-content\/uploads\/2024\/10\/diakonia-milosierdzia.jpg 675w, https:\/\/michael.odnowa.org\/wp-content\/uploads\/2024\/10\/diakonia-milosierdzia-261x300.jpg 261w\" sizes=\"auto, (max-width: 675px) 100vw, 675px\" \/><\/figure>\n<\/div>\n\n\n\n<div class=\"wp-block-column is-layout-flow wp-block-column-is-layout-flow\">\n<p><\/p>\n\n\n\n<p class=\"has-text-align-center has-nv-light-bg-background-color has-background\"> <strong>osoba odpowiedzialna<\/strong><\/p>\n\n\n\n<p class=\"has-text-align-center has-medium-font-size\"><em>Wanda <\/em><\/p>\n\n\n\n<p class=\"has-text-align-center has-nv-light-bg-background-color has-background\"><strong>dane kontaktowe<\/strong><\/p>\n\n\n\n<ul class=\"wp-block-list\">\n<li><em>kontakt.michael.odnowa@gmail.com <\/em><\/li>\n\n\n\n<li><em><em>tel.: <strong>508 916 900<\/strong><\/em><\/em><\/li>\n<\/ul>\n<\/div>\n\n\n\n<div class=\"wp-block-column is-layout-flow wp-block-column-is-layout-flow\">\n<p class=\"has-text-align-center has-nv-light-bg-background-color has-text-color has-background has-link-color wp-elements-fc18399e590bb9ece5d57ac84c3032c0\" style=\"color:#6961f2;font-size:18px\"><strong><em>Serdecznie zapraszamy do kontaktu osoby, kt\u00f3re czuj\u0105 w sercu pragnienie niesienia pomocy bli\u017anim, kt\u00f3re chcia\u0142yby podarowa\u0107 im cho\u0107by troch\u0119 swojego czasu i uwagi. <\/em><\/strong><\/p>\n\n\n\n<p class=\"has-text-align-center has-nv-light-bg-background-color has-text-color has-background has-link-color wp-elements-74da85019f7c571dc50de13cbe9538ce\" style=\"color:#6961f2;font-size:18px\"><strong><em>Pragniemy te\u017c razem szuka\u0107 nowych form i sposob\u00f3w pomocy tym, kt\u00f3rzy jej potrzebuj\u0105. <\/em><\/strong><\/p>\n\n\n\n<p class=\"has-text-align-center has-nv-light-bg-background-color has-text-color has-background has-link-color wp-elements-ef4764fa2ec5cd9d3d7cbed340836cb3\" style=\"color:#6961f2;font-size:18px\"><strong><em>Do\u0142\u0105cz ju\u017c teraz do naszego zespo\u0142u!  <\/em><\/strong><\/p>\n<\/div>\n<\/div>\n\n\n\n<div class=\"wp-block-columns is-layout-flex wp-container-core-columns-is-layout-9d6595d7 wp-block-columns-is-layout-flex\">\n<div class=\"wp-block-column is-layout-flow wp-block-column-is-layout-flow\">\n<p class=\"has-text-align-center has-background\" style=\"background-color:#ededed\"><strong>kilka s\u0142\u00f3w o nas<\/strong><\/p>\n\n\n\n<p class=\"has-text-align-center\">Diakonia mi\u0142osierdzia dzia\u0142a na terenie&nbsp; parafii&nbsp; pw. \u015bw. Micha\u0142a Archanio\u0142a. Powsta\u0142a, aby pomaga\u0107 w codzienno\u015bci osobom starszym i samotnym, tak\u017ce wspiera\u0107 je duchowo, od czasu do czasu im towarzyszy\u0107.<\/p>\n\n\n\n<p class=\"has-text-align-center\">W diakonii pos\u0142uguj\u0105 osoby, kt\u00f3re odwiedzaj\u0105&nbsp;i w razie konieczno\u015bci udzielaj\u0105 pomocy w za\u0142atwianiu r\u00f3\u017cnych spraw kilkorgu parafianom, maj\u0105cym ograniczony kontakt ze \u015bwiatem&nbsp; zewn\u0119trznym z powodu z\u0142ego stanu zdrowia lub braku rodziny na miejscu. Nasza obecno\u015b\u0107 pozwala im tak\u017ce na bli\u017cszy kontakt z parafi\u0105 i bie\u017c\u0105cymi wydarzeniami w ko\u015bciele.<\/p>\n\n\n\n<p class=\"has-text-align-center\">Za\u0142o\u017cenie diakonii mi\u0142osierdzia by\u0142o odzewem na apel proboszcza do parafian o potrzebie pomocy ludziom starszym, niedo\u0142\u0119\u017cnym, samotnym, pozbawionym kontaktu z najbli\u017csz\u0105 rodzin\u0105, kt\u00f3re nie radz\u0105 sobie w \u017cyciu.<em> <\/em><\/p>\n<\/div>\n\n\n\n<div class=\"wp-block-column is-layout-flow wp-block-column-is-layout-flow\">\n<p class=\"has-text-align-center has-nv-light-bg-background-color has-background\"><strong>nasze pos\u0142ugi<\/strong><\/p>\n\n\n\n<ul class=\"wp-block-list\">\n<ul class=\"wp-block-list\">\n<li><strong><em>czyn<\/em><\/strong> &#8211; utrzymywanie sta\u0142ego kontaktu oraz konkretne dzia\u0142anie w potrzebach&nbsp; dnia codziennego tak\u017ce w sytuacjach trudnych, na ile jest to mo\u017cliwe,  \n<ul class=\"wp-block-list\">\n<li>robienie drobnych zakup\u00f3w,<\/li>\n\n\n\n<li>podwo\u017cenie do lekarzy i na badania medyczne,<\/li>\n\n\n\n<li>za\u0142atwianie niekt\u00f3rych spraw urz\u0119dowych,<\/li>\n\n\n\n<li>pomoc w lekkich porz\u0105dkach domowych,<\/li>\n\n\n\n<li>dostarczanie paczek \u017cywno\u015bciowych z parafii,<\/li>\n\n\n\n<li>wyj\u015bcie do kina lub teatru,<\/li>\n\n\n\n<li>porady w razie k\u0142opot\u00f3w rodzinnych,<\/li>\n<\/ul>\n<\/li>\n\n\n\n<li><strong><em>S\u0142owo <\/em><\/strong>&#8211; dzielenie si\u0119 S\u0142owem Bo\u017cym,<\/li>\n\n\n\n<li><strong><em>modlitwa <\/em><\/strong>&#8211; wsp\u00f3lne powierzanie siebie i swoich spraw Opatrzno\u015bci Bo\u017cej w modlitwie.<\/li>\n<\/ul>\n\n\n\n<ul class=\"wp-block-list\">\n<li><\/li>\n<\/ul>\n<\/ul>\n<\/div>\n\n\n\n<div class=\"wp-block-column is-layout-flow wp-block-column-is-layout-flow\">\n<p class=\"has-text-align-center has-nv-light-bg-background-color has-background\"><strong>spotkania diakonii<\/strong><\/p>\n\n\n\n<p class=\"has-text-align-center\">Diakonia spotyka si\u0119 regularnie <strong>raz <\/strong>w <strong>miesi\u0105cu<\/strong>, w <strong>trzeci czwartek <\/strong>o godz. <strong>19:00<\/strong> w <strong>Kawiarence <\/strong>Wsp\u00f3lnoty Michael (obok plebanii).<\/p>\n\n\n\n<p class=\"has-text-align-center has-nv-light-bg-background-color has-text-color has-background has-link-color wp-elements-9a4f155b689234002b01d7d5118c34e0\" style=\"color:#6961f2\"><strong>Je\u015bli chcia\u0142by\u015b si\u0119 w\u0142\u0105czy\u0107 w pomoc najs\u0142abszym i got\u00f3w jeste\u015b po\u015bwi\u0119ci\u0107 sw\u00f3j czas dla nich, zapraszamy Ci\u0119 do diakonii.<\/strong><\/p>\n\n\n\n<p class=\"has-text-align-center has-nv-dark-bg-color has-text-color has-link-color wp-elements-d61bc426a863a74d0c8f0c4277f34a46\"><strong>Rado\u015b\u0107 z wdzi\u0119czno\u015bci osoby&nbsp;zaopiekowanej zapewniona!<\/strong><\/p>\n<\/div>\n<\/div>\n\n\n\n<p class=\"has-nv-light-bg-background-color has-background\"><strong>galeria<\/strong><\/p>\n\n\n\n<p><em>wkr\u00f3tce&#8230;<\/em><\/p>\n","protected":false},"excerpt":{"rendered":"<p>osoba odpowiedzialna Wanda dane kontaktowe Serdecznie zapraszamy do kontaktu osoby, kt\u00f3re czuj\u0105 w sercu pragnienie niesienia pomocy bli\u017anim, kt\u00f3re chcia\u0142yby podarowa\u0107 im cho\u0107by troch\u0119 swojego czasu i uwagi. Pragniemy te\u017c razem szuka\u0107 nowych form i sposob\u00f3w pomocy tym, kt\u00f3rzy jej potrzebuj\u0105. Do\u0142\u0105cz ju\u017c teraz do naszego zespo\u0142u! kilka s\u0142\u00f3w o nas Diakonia mi\u0142osierdzia dzia\u0142a na&hellip;&nbsp;<a href=\"https:\/\/michael.odnowa.org\/?page_id=701\" rel=\"bookmark\">Dowiedz si\u0119 wi\u0119cej &raquo;<span class=\"screen-reader-text\">Diakonia Mi\u0142osierdzia<\/span><\/a><\/p>\n","protected":false},"author":1,"featured_media":0,"parent":0,"menu_order":0,"comment_status":"closed","ping_status":"closed","template":"","meta":{"neve_meta_sidebar":"","neve_meta_container":"","neve_meta_enable_content_width":"","neve_meta_content_width":0,"neve_meta_title_alignment":"","neve_meta_author_avatar":"","neve_post_elements_order":"","neve_meta_disable_header":"","neve_meta_disable_footer":"","neve_meta_disable_title":"on","footnotes":""},"class_list":["post-701","page","type-page","status-publish","hentry"],"_links":{"self":[{"href":"https:\/\/michael.odnowa.org\/index.php?rest_route=\/wp\/v2\/pages\/701","targetHints":{"allow":["GET"]}}],"collection":[{"href":"https:\/\/michael.odnowa.org\/index.php?rest_route=\/wp\/v2\/pages"}],"about":[{"href":"https:\/\/michael.odnowa.org\/index.php?rest_route=\/wp\/v2\/types\/page"}],"author":[{"embeddable":true,"href":"https:\/\/michael.odnowa.org\/index.php?rest_route=\/wp\/v2\/users\/1"}],"replies":[{"embeddable":true,"href":"https:\/\/michael.odnowa.org\/index.php?rest_route=%2Fwp%2Fv2%2Fcomments&post=701"}],"version-history":[{"count":14,"href":"https:\/\/michael.odnowa.org\/index.php?rest_route=\/wp\/v2\/pages\/701\/revisions"}],"predecessor-version":[{"id":800,"href":"https:\/\/michael.odnowa.org\/index.php?rest_route=\/wp\/v2\/pages\/701\/revisions\/800"}],"wp:attachment":[{"href":"https:\/\/michael.odnowa.org\/index.php?rest_route=%2Fwp%2Fv2%2Fmedia&parent=701"}],"curies":[{"name":"wp","href":"https:\/\/api.w.org\/{rel}","templated":true}]}}