{"id":683,"date":"2024-10-13T18:05:41","date_gmt":"2024-10-13T18:05:41","guid":{"rendered":"https:\/\/michael.odnowa.org\/?page_id=683"},"modified":"2024-10-15T17:30:42","modified_gmt":"2024-10-15T17:30:42","slug":"sluzba-diakonie-2-3","status":"publish","type":"page","link":"https:\/\/michael.odnowa.org\/?page_id=683","title":{"rendered":"Diakonia Go\u015bcinno\u015bci"},"content":{"rendered":"\n<p><\/p>\n\n\n\n<div class=\"wp-block-columns is-layout-flex wp-container-core-columns-is-layout-9d6595d7 wp-block-columns-is-layout-flex\">\n<div class=\"wp-block-column is-layout-flow wp-block-column-is-layout-flow\">\n<figure class=\"wp-block-image size-full is-resized\"><img loading=\"lazy\" decoding=\"async\" width=\"675\" height=\"777\" src=\"https:\/\/michael.odnowa.org\/wp-content\/uploads\/2024\/10\/diakonia-goscinnosci.jpg\" alt=\"\" class=\"wp-image-634\" style=\"width:370px;height:auto\" srcset=\"https:\/\/michael.odnowa.org\/wp-content\/uploads\/2024\/10\/diakonia-goscinnosci.jpg 675w, https:\/\/michael.odnowa.org\/wp-content\/uploads\/2024\/10\/diakonia-goscinnosci-261x300.jpg 261w\" sizes=\"auto, (max-width: 675px) 100vw, 675px\" \/><\/figure>\n<\/div>\n\n\n\n<div class=\"wp-block-column is-layout-flow wp-block-column-is-layout-flow\">\n<p><\/p>\n\n\n\n<p class=\"has-text-align-center has-nv-light-bg-background-color has-background\"> <strong>osoba odpowiedzialna<\/strong><\/p>\n\n\n\n<p class=\"has-text-align-center has-medium-font-size\"><em>El\u017cbieta   <\/em><\/p>\n\n\n\n<p class=\"has-text-align-center has-nv-light-bg-background-color has-background\"><strong>dane kontaktowe<\/strong><\/p>\n\n\n\n<ul class=\"wp-block-list\">\n<li><em>kontakt.michael.odnowa@gmail.com <\/em><\/li>\n<\/ul>\n<\/div>\n\n\n\n<div class=\"wp-block-column is-layout-flow wp-block-column-is-layout-flow\">\n<p class=\"has-text-align-center has-nv-light-bg-background-color has-text-color has-background has-link-color wp-elements-54d75086eabce931f3003d8c2fb5946c\" style=\"color:#6961f2;font-size:18px\"><strong><em>Zapraszamy do kontaktu osoby, kt\u00f3re czuj\u0105 w sercu go\u015bcinno\u015b\u0107 b\u0105d\u017a te\u017c zaczynaj\u0105 przygod\u0119 ze wsp\u00f3lnot\u0105 i szukaj\u0105 swojego miejsca!<\/em><\/strong><\/p>\n\n\n\n<p class=\"has-text-align-center has-nv-light-bg-background-color has-text-color has-background has-link-color wp-elements-df38908b2a5b6a8ceaf54edce16ccfc4\" style=\"color:#6961f2;font-size:18px\"><strong><em>Do\u0142\u0105cz ju\u017c teraz do naszego zespo\u0142u!<\/em><\/strong><\/p>\n\n\n\n<p class=\"has-text-align-center has-nv-light-bg-background-color has-text-color has-background has-link-color wp-elements-fa15d87a820742523442ca7f0cd3e984\" style=\"color:#6961f2;font-size:18px\"><strong><em>Czekamy na Ciebie! <\/em><\/strong><\/p>\n<\/div>\n<\/div>\n\n\n\n<div class=\"wp-block-columns is-layout-flex wp-container-core-columns-is-layout-9d6595d7 wp-block-columns-is-layout-flex\">\n<div class=\"wp-block-column is-layout-flow wp-block-column-is-layout-flow\">\n<p class=\"has-text-align-center has-background\" style=\"background-color:#ededed\"><strong>kilka s\u0142\u00f3w o nas<\/strong><\/p>\n\n\n\n<p class=\"has-text-align-center\">Diakonia go\u015bcinno\u015bci jest absolutnie kluczowa od pocz\u0105tku istnienia naszej wsp\u00f3lnoty. Wielu naszych cz\u0142onk\u00f3w zaczyna\u0142o w\u0142a\u015bnie od pos\u0142ugiwania w tej diakonii. To najlepsze miejsce na integracj\u0119 i poznanie nowych ludzi. <\/p>\n\n\n\n<p class=\"has-text-align-center\">Diakonia go\u015bcinno\u015bci s\u0142u\u017cy wsp\u00f3lnocie prostymi gestami, dzi\u0119ki czemu nasze spotkania s\u0105&nbsp;&nbsp; przyjemniejsze i rado\u015bniejsze \u2013 nasz\u0105 dewiz\u0105 jest to znane polskie&nbsp; powiedzonko: <em><strong>\u201eGo\u015b\u0107 w dom, B\u00f3g w dom\u201d<\/strong><\/em>.<\/p>\n\n\n\n<p class=\"has-text-align-center\">Diakonia Go\u015bcinno\u015bci to grupa kilkunastu os\u00f3b dzia\u0142aj\u0105cych dla dobra i ubogacenia niemal wszystkich wa\u017cniejszych wydarze\u0144 wsp\u00f3lnotowych. <\/p>\n\n\n\n<p class=\"has-text-align-center\">Pos\u0142uga nasza jest prosta \u2013 tak si\u0119 zorganizowa\u0107, aby aula by\u0142a udekorowana, a ludzie najedzeni i zadowoleni z naszej pracy. <\/p>\n\n\n\n<p class=\"has-text-align-center\">Staramy si\u0119 dzia\u0142a\u0107 z otwartym sercem na wszystkie potrzeby wsp\u00f3lnoty i aby wszystko gra\u0142o! <\/p>\n<\/div>\n\n\n\n<div class=\"wp-block-column is-layout-flow wp-block-column-is-layout-flow\">\n<p class=\"has-text-align-center has-nv-light-bg-background-color has-background\"><strong>nasze pos\u0142ugi<\/strong><\/p>\n\n\n\n<ul class=\"wp-block-list\">\n<ul class=\"wp-block-list\">\n<li>organizowanie r\u00f3\u017cnego rodzaju agap, m.in. na rozpocz\u0119cie roku formacyjnego, spotkanie op\u0142atkowe (wigilia), grill (zako\u0144czenie roku formacyjnego),  <\/li>\n\n\n\n<li>przygotowanie pocz\u0119stunku podczas naszych warsztat\u00f3w\/seminari\u00f3w (np. \u201e\u017bycie od nowa\u201d, \u201eAlfa\u201d, \u201eSeminarium odnowy wiary\u201d),<\/li>\n\n\n\n<li>przygotowanie uroczysto\u015bci na Wigili\u0119 Zes\u0142ania Ducha \u015awi\u0119tego,<\/li>\n\n\n\n<li>akcja \u201eKawa z parafianami\u201d,<\/li>\n\n\n\n<li>opiekowanie si\u0119 wsp\u00f3lnotow\u0105 kawiarenk\u0105,<\/li>\n\n\n\n<li>przygotowanie auli i kawiarenki na spotkania wsp\u00f3lnotowe,,<\/li>\n\n\n\n<li>wsp\u00f3\u0142organizowanie z innymi diakoniami imprez integracyjnych: \u201eDzie\u0144 dziecka\u201d, \u201eWieczory filmowe\u201d, \u201eNowy Rok\u201d, \u201eMiko\u0142ajki\u201d, \u201eDzie\u0144 S\u0142owa Bo\u017cego\u201d,<\/li>\n\n\n\n<li>pos\u0142ugiwanie na zewn\u0105trz &#8211; pomoc innym wsp\u00f3lnotom podczas organizowanych przez nich warsztat\u00f3w (kurs\u00f3w).<\/li>\n<\/ul>\n<\/ul>\n<\/div>\n\n\n\n<div class=\"wp-block-column is-layout-flow wp-block-column-is-layout-flow\">\n<p class=\"has-text-align-center has-nv-light-bg-background-color has-background\"><strong>spotkania diakonii<\/strong><\/p>\n\n\n\n<p class=\"has-text-align-center\">spotykamy si\u0119 w <strong>Kawiarence <\/strong>Wsp\u00f3lnoty Michael (obok plebanii). <\/p>\n\n\n\n<p class=\"has-text-align-center\">Termin spotkania w trakcie ustalania. <\/p>\n\n\n\n<p class=\"has-text-align-center has-nv-light-bg-background-color has-background\"><strong>Biblioteczka<\/strong><\/p>\n\n\n\n<p class=\"has-text-align-center\">Nasza Diakonia Go\u015bcinno\u015bci pe\u0142ni r\u00f3wnie\u017c wa\u017cn\u0105 funkcj\u0119 edukacyjn\u0105! Prowadzimy biblioteczk\u0119, w kt\u00f3rej mo\u017cna znale\u017a\u0107 literatur\u0119 o tematyce chrze\u015bcija\u0144skiej. A zbi\u00f3r ten sukcesywnie si\u0119 powi\u0119ksza i jest coraz ciekawszy. Jest zatem z czego wybiera\u0107!<\/p>\n<\/div>\n<\/div>\n\n\n\n<p class=\"has-nv-light-bg-background-color has-background\"><strong>galeria<\/strong><\/p>\n\n\n\n<p><em>wkr\u00f3tce&#8230;<\/em><\/p>\n","protected":false},"excerpt":{"rendered":"<p>osoba odpowiedzialna El\u017cbieta dane kontaktowe Zapraszamy do kontaktu osoby, kt\u00f3re czuj\u0105 w sercu go\u015bcinno\u015b\u0107 b\u0105d\u017a te\u017c zaczynaj\u0105 przygod\u0119 ze wsp\u00f3lnot\u0105 i szukaj\u0105 swojego miejsca! Do\u0142\u0105cz ju\u017c teraz do naszego zespo\u0142u! Czekamy na Ciebie! kilka s\u0142\u00f3w o nas Diakonia go\u015bcinno\u015bci jest absolutnie kluczowa od pocz\u0105tku istnienia naszej wsp\u00f3lnoty. Wielu naszych cz\u0142onk\u00f3w zaczyna\u0142o w\u0142a\u015bnie od pos\u0142ugiwania w&hellip;&nbsp;<a href=\"https:\/\/michael.odnowa.org\/?page_id=683\" rel=\"bookmark\">Dowiedz si\u0119 wi\u0119cej &raquo;<span class=\"screen-reader-text\">Diakonia Go\u015bcinno\u015bci<\/span><\/a><\/p>\n","protected":false},"author":1,"featured_media":0,"parent":0,"menu_order":0,"comment_status":"closed","ping_status":"closed","template":"","meta":{"neve_meta_sidebar":"","neve_meta_container":"","neve_meta_enable_content_width":"","neve_meta_content_width":0,"neve_meta_title_alignment":"","neve_meta_author_avatar":"","neve_post_elements_order":"","neve_meta_disable_header":"","neve_meta_disable_footer":"","neve_meta_disable_title":"on","footnotes":""},"class_list":["post-683","page","type-page","status-publish","hentry"],"_links":{"self":[{"href":"https:\/\/michael.odnowa.org\/index.php?rest_route=\/wp\/v2\/pages\/683","targetHints":{"allow":["GET"]}}],"collection":[{"href":"https:\/\/michael.odnowa.org\/index.php?rest_route=\/wp\/v2\/pages"}],"about":[{"href":"https:\/\/michael.odnowa.org\/index.php?rest_route=\/wp\/v2\/types\/page"}],"author":[{"embeddable":true,"href":"https:\/\/michael.odnowa.org\/index.php?rest_route=\/wp\/v2\/users\/1"}],"replies":[{"embeddable":true,"href":"https:\/\/michael.odnowa.org\/index.php?rest_route=%2Fwp%2Fv2%2Fcomments&post=683"}],"version-history":[{"count":14,"href":"https:\/\/michael.odnowa.org\/index.php?rest_route=\/wp\/v2\/pages\/683\/revisions"}],"predecessor-version":[{"id":809,"href":"https:\/\/michael.odnowa.org\/index.php?rest_route=\/wp\/v2\/pages\/683\/revisions\/809"}],"wp:attachment":[{"href":"https:\/\/michael.odnowa.org\/index.php?rest_route=%2Fwp%2Fv2%2Fmedia&parent=683"}],"curies":[{"name":"wp","href":"https:\/\/api.w.org\/{rel}","templated":true}]}}