{"id":660,"date":"2024-10-13T17:28:27","date_gmt":"2024-10-13T17:28:27","guid":{"rendered":"https:\/\/michael.odnowa.org\/?page_id=660"},"modified":"2024-10-15T17:06:35","modified_gmt":"2024-10-15T17:06:35","slug":"sluzba-diakonie-2-2","status":"publish","type":"page","link":"https:\/\/michael.odnowa.org\/?page_id=660","title":{"rendered":"Diakonia Ewangelizacji"},"content":{"rendered":"\n<p><\/p>\n\n\n\n<div class=\"wp-block-columns is-layout-flex wp-container-core-columns-is-layout-9d6595d7 wp-block-columns-is-layout-flex\">\n<div class=\"wp-block-column is-layout-flow wp-block-column-is-layout-flow\">\n<figure class=\"wp-block-image size-full is-resized\"><img loading=\"lazy\" decoding=\"async\" width=\"675\" height=\"777\" src=\"https:\/\/michael.odnowa.org\/wp-content\/uploads\/2024\/10\/diakonia-ewangelizacyjna.jpg\" alt=\"\" class=\"wp-image-633\" style=\"width:370px;height:auto\" srcset=\"https:\/\/michael.odnowa.org\/wp-content\/uploads\/2024\/10\/diakonia-ewangelizacyjna.jpg 675w, https:\/\/michael.odnowa.org\/wp-content\/uploads\/2024\/10\/diakonia-ewangelizacyjna-261x300.jpg 261w\" sizes=\"auto, (max-width: 675px) 100vw, 675px\" \/><\/figure>\n<\/div>\n\n\n\n<div class=\"wp-block-column is-layout-flow wp-block-column-is-layout-flow\">\n<p><\/p>\n\n\n\n<p class=\"has-text-align-center has-nv-light-bg-background-color has-background\"> <strong>osoba odpowiedzialna<\/strong><\/p>\n\n\n\n<p class=\"has-text-align-center has-medium-font-size\"><em>Rada Programowa Michael <sup>(*)<\/sup>   <\/em><\/p>\n\n\n\n<p class=\"has-text-align-center has-nv-light-bg-background-color has-background\"><strong>dane kontaktowe<\/strong><\/p>\n\n\n\n<ul class=\"wp-block-list\">\n<li><em>kontakt.michael.odnowa@gmail.com <\/em><\/li>\n<\/ul>\n<\/div>\n\n\n\n<div class=\"wp-block-column is-layout-flow wp-block-column-is-layout-flow\">\n<p class=\"has-text-align-center has-nv-light-bg-background-color has-text-color has-background has-link-color wp-elements-9bf5899b9271191f0286fcedb6d5f617\" style=\"color:#6961f2;font-size:18px\"><strong><em>J<\/em><\/strong><em><strong>e\u017celi czujesz pragnienie w sercu i chcesz pom\u00f3c w organizacji jakiego\u015b wydarzenia! <\/strong><\/em><\/p>\n\n\n\n<p class=\"has-text-align-center has-nv-light-bg-background-color has-text-color has-background has-link-color wp-elements-9e347b4ce9cb0fa4920ce8e0658d8f28\" style=\"color:#6961f2;font-size:18px\"><strong><em>A mo\u017ce masz p<\/em><\/strong><em><strong>omys\u0142y na dzia\u0142ania ewangelizacyjne we wsp\u00f3lnocie<\/strong><\/em><strong><em>?<\/em><\/strong><strong><em>  <\/em><\/strong><\/p>\n\n\n\n<p class=\"has-text-align-center has-nv-light-bg-background-color has-text-color has-background has-link-color wp-elements-8f7db667062422db1d0c6eec0cf127b2\" style=\"color:#6961f2;font-size:18px\"><strong><em><strong>Przyjd\u017a i dzia\u0142aj! Zapraszamy!<\/strong> <\/em><\/strong><\/p>\n<\/div>\n<\/div>\n\n\n\n<div class=\"wp-block-columns is-layout-flex wp-container-core-columns-is-layout-9d6595d7 wp-block-columns-is-layout-flex\">\n<div class=\"wp-block-column is-layout-flow wp-block-column-is-layout-flow\">\n<p class=\"has-text-align-center has-background\" style=\"background-color:#ededed\"><strong>kilka s\u0142\u00f3w o nas<\/strong><\/p>\n\n\n\n<p class=\"has-text-align-center\">Diakonia ewangelizacji to przestrze\u0144, w kt\u00f3rej wspieramy si\u0119 modlitw\u0105 i dobrym s\u0142owem, staramy si\u0119 dzieli\u0107 zadaniami w oparciu o nasze mocne strony i aktualne mo\u017cliwo\u015bci.<\/p>\n\n\n\n<p class=\"has-text-align-center\"><em>J<\/em>este\u015bmy ci\u0105gle w biegu, ale gdy tylko mo\u017cemy &#8211; lubimy spotka\u0107 si\u0119 przy kawie i zwyczajnie sp\u0119dzi\u0107 ze sob\u0105 czas.<\/p>\n<\/div>\n\n\n\n<div class=\"wp-block-column is-layout-flow wp-block-column-is-layout-flow\">\n<p class=\"has-text-align-center has-nv-light-bg-background-color has-background\"><strong>nasze pos\u0142ugi<\/strong><\/p>\n\n\n\n<ul class=\"wp-block-list\">\n<ul class=\"wp-block-list\">\n<li>koordynowanie wtorkowych spotka\u0144, g\u0142\u00f3wnie poprzez zapraszanie go\u015bci &#8211; prelegent\u00f3w, kt\u00f3rzy chc\u0105 podzieli\u0107 si\u0119 \u015bwiadectwem dzia\u0142ania Pana Boga w ich \u017cyciu,  <\/li>\n\n\n\n<li>wsp\u00f3\u0142uczestniczymy tak\u017ce w przygotowaniu rekolekcji, seminari\u00f3w odnowy wiary oraz innych kurs\u00f3w organizowanych w naszej wsp\u00f3lnocie.<\/li>\n<\/ul>\n<\/ul>\n<\/div>\n\n\n\n<div class=\"wp-block-column is-layout-flow wp-block-column-is-layout-flow\">\n<p class=\"has-text-align-center has-nv-light-bg-background-color has-background\"><strong>spotkania diakonii<\/strong><\/p>\n\n\n\n<p class=\"has-text-align-center\">(*) do czasu uporz\u0105dkowania osobistych spraw os\u00f3b wchodz\u0105cych w sk\u0142ad diakonii jej obowi\u0105zki przej\u0119\u0142a Rada Programowa Michaela.<\/p>\n\n\n\n<p class=\"has-text-align-center has-nv-light-bg-background-color has-background\"><strong>wobec czego<\/strong><\/p>\n\n\n\n<ul class=\"wp-block-list\"><\/ul>\n\n\n\n<p class=\"has-text-align-center\"><strong>Podziel si\u0119 z nami pomys\u0142ami! Ka\u017cda dobra zmiana mo\u017ce by\u0107 Twoj\u0105 inicjatyw\u0105!<\/strong><\/p>\n<\/div>\n<\/div>\n\n\n\n<p class=\"has-nv-light-bg-background-color has-background\"><strong>galeria<\/strong><\/p>\n\n\n\n<p><em>wkr\u00f3tce&#8230;<\/em><\/p>\n","protected":false},"excerpt":{"rendered":"<p>osoba odpowiedzialna Rada Programowa Michael (*) dane kontaktowe Je\u017celi czujesz pragnienie w sercu i chcesz pom\u00f3c w organizacji jakiego\u015b wydarzenia! A mo\u017ce masz pomys\u0142y na dzia\u0142ania ewangelizacyjne we wsp\u00f3lnocie? Przyjd\u017a i dzia\u0142aj! Zapraszamy! kilka s\u0142\u00f3w o nas Diakonia ewangelizacji to przestrze\u0144, w kt\u00f3rej wspieramy si\u0119 modlitw\u0105 i dobrym s\u0142owem, staramy si\u0119 dzieli\u0107 zadaniami w oparciu&hellip;&nbsp;<a href=\"https:\/\/michael.odnowa.org\/?page_id=660\" rel=\"bookmark\">Dowiedz si\u0119 wi\u0119cej &raquo;<span class=\"screen-reader-text\">Diakonia Ewangelizacji<\/span><\/a><\/p>\n","protected":false},"author":1,"featured_media":0,"parent":0,"menu_order":0,"comment_status":"closed","ping_status":"closed","template":"","meta":{"neve_meta_sidebar":"","neve_meta_container":"","neve_meta_enable_content_width":"","neve_meta_content_width":0,"neve_meta_title_alignment":"","neve_meta_author_avatar":"","neve_post_elements_order":"","neve_meta_disable_header":"","neve_meta_disable_footer":"","neve_meta_disable_title":"on","footnotes":""},"class_list":["post-660","page","type-page","status-publish","hentry"],"_links":{"self":[{"href":"https:\/\/michael.odnowa.org\/index.php?rest_route=\/wp\/v2\/pages\/660","targetHints":{"allow":["GET"]}}],"collection":[{"href":"https:\/\/michael.odnowa.org\/index.php?rest_route=\/wp\/v2\/pages"}],"about":[{"href":"https:\/\/michael.odnowa.org\/index.php?rest_route=\/wp\/v2\/types\/page"}],"author":[{"embeddable":true,"href":"https:\/\/michael.odnowa.org\/index.php?rest_route=\/wp\/v2\/users\/1"}],"replies":[{"embeddable":true,"href":"https:\/\/michael.odnowa.org\/index.php?rest_route=%2Fwp%2Fv2%2Fcomments&post=660"}],"version-history":[{"count":20,"href":"https:\/\/michael.odnowa.org\/index.php?rest_route=\/wp\/v2\/pages\/660\/revisions"}],"predecessor-version":[{"id":805,"href":"https:\/\/michael.odnowa.org\/index.php?rest_route=\/wp\/v2\/pages\/660\/revisions\/805"}],"wp:attachment":[{"href":"https:\/\/michael.odnowa.org\/index.php?rest_route=%2Fwp%2Fv2%2Fmedia&parent=660"}],"curies":[{"name":"wp","href":"https:\/\/api.w.org\/{rel}","templated":true}]}}