{"id":494,"date":"2024-10-01T16:52:46","date_gmt":"2024-10-01T16:52:46","guid":{"rendered":"https:\/\/michael.odnowa.org\/?page_id=494"},"modified":"2024-10-15T17:26:03","modified_gmt":"2024-10-15T17:26:03","slug":"sluzba-diakonie-2","status":"publish","type":"page","link":"https:\/\/michael.odnowa.org\/?page_id=494","title":{"rendered":"Diakonia Uwielbienia"},"content":{"rendered":"\n<p><\/p>\n\n\n\n<div class=\"wp-block-columns is-layout-flex wp-container-core-columns-is-layout-9d6595d7 wp-block-columns-is-layout-flex\">\n<div class=\"wp-block-column is-layout-flow wp-block-column-is-layout-flow\">\n<figure class=\"wp-block-image size-full is-resized\"><img loading=\"lazy\" decoding=\"async\" width=\"675\" height=\"777\" src=\"https:\/\/michael.odnowa.org\/wp-content\/uploads\/2024\/10\/diakonia-uwielbienia.jpg\" alt=\"\" class=\"wp-image-637\" style=\"width:370px;height:auto\" srcset=\"https:\/\/michael.odnowa.org\/wp-content\/uploads\/2024\/10\/diakonia-uwielbienia.jpg 675w, https:\/\/michael.odnowa.org\/wp-content\/uploads\/2024\/10\/diakonia-uwielbienia-261x300.jpg 261w\" sizes=\"auto, (max-width: 675px) 100vw, 675px\" \/><\/figure>\n<\/div>\n\n\n\n<div class=\"wp-block-column is-layout-flow wp-block-column-is-layout-flow\">\n<p><\/p>\n\n\n\n<p class=\"has-text-align-center has-nv-light-bg-background-color has-background\"> <strong>osoba odpowiedzialna<\/strong><\/p>\n\n\n\n<p class=\"has-text-align-center has-medium-font-size\"><em>Anna <\/em><\/p>\n\n\n\n<p class=\"has-text-align-center has-nv-light-bg-background-color has-background\"><strong>dane kontaktowe<\/strong><\/p>\n\n\n\n<ul class=\"wp-block-list\">\n<li><em>kontakt.michael.odnowa@gmail.com <\/em><\/li>\n\n\n\n<li><em><em>tel.: <strong>504 062 469<\/strong><\/em><\/em><\/li>\n<\/ul>\n<\/div>\n\n\n\n<div class=\"wp-block-column is-layout-flow wp-block-column-is-layout-flow\">\n<p class=\"has-text-align-center has-nv-light-bg-background-color has-text-color has-background has-link-color wp-elements-e9c1ac6f068d8e54e97c9184c2d59848\" style=\"color:#6961f2;font-size:18px\"><strong><em>Je\u015bli w Twoim sercu jest pragnienie uwielbiania Pana Boga \u015bpiewem lub gr\u0105 na instrumencie do\u0142\u0105cz do nas i uboga\u0107 swoj\u0105 obecno\u015bci\u0105!                                                                              <\/em><\/strong><\/p>\n\n\n\n<p class=\"has-text-align-center has-nv-light-bg-background-color has-text-color has-background has-link-color wp-elements-82e66033e8aba1ac75cc26aaed4fe751\" style=\"color:#6961f2;font-size:18px\"><strong><em>Poszukujemy r\u00f3wnie\u017c osoby do poprowadzenia zespo\u0142u.   <\/em><\/strong><\/p>\n\n\n\n<p class=\"has-text-align-center has-nv-light-bg-background-color has-text-color has-background has-link-color wp-elements-fa15d87a820742523442ca7f0cd3e984\" style=\"color:#6961f2;font-size:18px\"><strong><em>Czekamy na Ciebie! <\/em><\/strong><\/p>\n<\/div>\n<\/div>\n\n\n\n<div class=\"wp-block-columns is-layout-flex wp-container-core-columns-is-layout-9d6595d7 wp-block-columns-is-layout-flex\">\n<div class=\"wp-block-column is-layout-flow wp-block-column-is-layout-flow\">\n<p class=\"has-text-align-center has-background\" style=\"background-color:#ededed\"><strong>kilka s\u0142\u00f3w o nas<\/strong><\/p>\n\n\n\n<p class=\"has-text-align-center\">Diakonia uwielbienia pos\u0142uguje we wsp\u00f3lnocie \u015bpiewem oraz gr\u0105 na instrumentach podczas Eucharystii, adoracji oraz spotka\u0144 modlitewnych. Nasza diakonia to wsp\u00f3lnota os\u00f3b, kt\u00f3ra gromadzi si\u0119, aby gr\u0105 i \u015bpiewem chwali\u0107 Pana Boga i s\u0142u\u017cy\u0107 wsp\u00f3lnocie podczas modlitwy (i nie tylko). <\/p>\n\n\n\n<p class=\"has-text-align-center\">Jej celem jest formacja wewn\u0119trzna swoich cz\u0142onk\u00f3w poprzez pog\u0142\u0119bianie wiary, a tak\u017ce doskonalenie warsztatu muzycznego, poniewa\u017c jak napisa\u0142 \u015bwi\u0119ty Augustyn: <em><strong>\u201eKto dobrze \u015bpiewa, dwa razy si\u0119 modli\u201d<\/strong><\/em>. <\/p>\n\n\n\n<p class=\"has-text-align-center\">Diakonia pos\u0142uguje na Mszach \u015bwi\u0119tych, adoracjach oraz na spotkaniach uwielbieniowych organizowanych przez Wsp\u00f3lnot\u0119 Michael w parafii \u015awi\u0119tego Micha\u0142a Archanio\u0142a we Wroc\u0142awiu<em>. <\/em><\/p>\n\n\n\n<p class=\"has-text-align-center\">Dzie\u0142a w kt\u00f3re anga\u017cuje si\u0119 diakonia muzyczna s\u0105 zatem g\u0142\u00f3wnie \u015bci\u015ble zwi\u0105zane z dzie\u0142ami podejmowanymi przez nasz\u0105 Wsp\u00f3lnot\u0119 ale pos\u0142ugujemy r\u00f3wnie\u017c gr\u0105 i \u015bpiewem podczas uwielbie\u0144, czuwa\u0144 czy koncert\u00f3w organizowanych we Wroc\u0142awiu.<\/p>\n<\/div>\n\n\n\n<div class=\"wp-block-column is-layout-flow wp-block-column-is-layout-flow\">\n<p class=\"has-text-align-center has-nv-light-bg-background-color has-background\"><strong>nasze pos\u0142ugi<\/strong><\/p>\n\n\n\n<ul class=\"wp-block-list\">\n<ul class=\"wp-block-list\">\n<li>dbanie o pi\u0119kno liturgii poprzez dob\u00f3r i wykonanie odpowiednich pie\u015bni,  <\/li>\n\n\n\n<li>wychwalanie Pana Boga poprzez modlitw\u0119 pie\u015bni\u0105 podczas uwielbie\u0144 organizowanych przez Wsp\u00f3lnot\u0119 zar\u00f3wno w Ko\u015bciele (raz w miesi\u0105cu, przewa\u017cnie w co drugi wtorek miesi\u0105ca) jak i na cotygodniowych spotkaniach Wsp\u00f3lnoty,<\/li>\n\n\n\n<li>oprawa muzyczna rekolekcji wsp\u00f3lnotowych,<\/li>\n\n\n\n<li>pos\u0142uga \u015bpiewem i gr\u0105 na instrumentach podczas ca\u0142onocnego czuwania wsp\u00f3lnot \u201eOgie\u0144 Dw\u00f3ch Serc\u201d,<\/li>\n\n\n\n<li>oprawa muzyczna na spotkaniach kol\u0119dowych.<\/li>\n<\/ul>\n\n\n\n<ul class=\"wp-block-list\">\n<li><\/li>\n<\/ul>\n<\/ul>\n<\/div>\n\n\n\n<div class=\"wp-block-column is-layout-flow wp-block-column-is-layout-flow\">\n<p class=\"has-text-align-center has-nv-light-bg-background-color has-background\"><strong>spotkania diakonii<\/strong><\/p>\n\n\n\n<p class=\"has-text-align-center\">Diakonia spotyka si\u0119 regularnie na pr\u00f3bach   w ka\u017cdy <strong>poniedzia\u0142ek <\/strong>o godz. <strong>19:00<\/strong>                  w <strong>Kawiarence <\/strong>Wsp\u00f3lnoty Michael               (obok plebanii).<\/p>\n\n\n\n<p class=\"has-text-align-center has-nv-light-bg-background-color has-background\"><strong>aby pos\u0142ugiwa\u0107 w diakonii<\/strong><\/p>\n\n\n\n<ul class=\"wp-block-list\">\n<li>nie musisz by\u0107 profesjonalnym muzykiem,<\/li>\n\n\n\n<li> wystarczy, \u017ce odkrywasz w sobie talent do wielbienia Boga \u015bpiewem lub gr\u0105! <\/li>\n<\/ul>\n\n\n\n<p class=\"has-text-align-center\"><strong>Przyjd\u017a na nasz\u0105 pr\u00f3b\u0119 lub skontaktuj si\u0119 z osob\u0105 odpowiedzialn\u0105.<\/strong><\/p>\n<\/div>\n<\/div>\n\n\n\n<p class=\"has-nv-light-bg-background-color has-background\"><strong>galeria<\/strong><\/p>\n\n\n\n<p><em>wkr\u00f3tce&#8230;<\/em><\/p>\n","protected":false},"excerpt":{"rendered":"<p>osoba odpowiedzialna Anna dane kontaktowe Je\u015bli w Twoim sercu jest pragnienie uwielbiania Pana Boga \u015bpiewem lub gr\u0105 na instrumencie do\u0142\u0105cz do nas i uboga\u0107 swoj\u0105 obecno\u015bci\u0105! Poszukujemy r\u00f3wnie\u017c osoby do poprowadzenia zespo\u0142u. Czekamy na Ciebie! kilka s\u0142\u00f3w o nas Diakonia uwielbienia pos\u0142uguje we wsp\u00f3lnocie \u015bpiewem oraz gr\u0105 na instrumentach podczas Eucharystii, adoracji oraz spotka\u0144 modlitewnych.&hellip;&nbsp;<a href=\"https:\/\/michael.odnowa.org\/?page_id=494\" rel=\"bookmark\">Dowiedz si\u0119 wi\u0119cej &raquo;<span class=\"screen-reader-text\">Diakonia Uwielbienia<\/span><\/a><\/p>\n","protected":false},"author":1,"featured_media":0,"parent":0,"menu_order":0,"comment_status":"closed","ping_status":"closed","template":"","meta":{"neve_meta_sidebar":"","neve_meta_container":"default","neve_meta_enable_content_width":"","neve_meta_content_width":0,"neve_meta_title_alignment":"","neve_meta_author_avatar":"","neve_post_elements_order":"","neve_meta_disable_header":"","neve_meta_disable_footer":"","neve_meta_disable_title":"on","footnotes":""},"class_list":["post-494","page","type-page","status-publish","hentry"],"_links":{"self":[{"href":"https:\/\/michael.odnowa.org\/index.php?rest_route=\/wp\/v2\/pages\/494","targetHints":{"allow":["GET"]}}],"collection":[{"href":"https:\/\/michael.odnowa.org\/index.php?rest_route=\/wp\/v2\/pages"}],"about":[{"href":"https:\/\/michael.odnowa.org\/index.php?rest_route=\/wp\/v2\/types\/page"}],"author":[{"embeddable":true,"href":"https:\/\/michael.odnowa.org\/index.php?rest_route=\/wp\/v2\/users\/1"}],"replies":[{"embeddable":true,"href":"https:\/\/michael.odnowa.org\/index.php?rest_route=%2Fwp%2Fv2%2Fcomments&post=494"}],"version-history":[{"count":58,"href":"https:\/\/michael.odnowa.org\/index.php?rest_route=\/wp\/v2\/pages\/494\/revisions"}],"predecessor-version":[{"id":806,"href":"https:\/\/michael.odnowa.org\/index.php?rest_route=\/wp\/v2\/pages\/494\/revisions\/806"}],"wp:attachment":[{"href":"https:\/\/michael.odnowa.org\/index.php?rest_route=%2Fwp%2Fv2%2Fmedia&parent=494"}],"curies":[{"name":"wp","href":"https:\/\/api.w.org\/{rel}","templated":true}]}}