{"id":225,"date":"2023-10-15T17:40:05","date_gmt":"2023-10-15T17:40:05","guid":{"rendered":"https:\/\/michael.odnowa.org\/?page_id=225"},"modified":"2024-10-14T13:10:05","modified_gmt":"2024-10-14T13:10:05","slug":"sluzba-diakonie","status":"publish","type":"page","link":"https:\/\/michael.odnowa.org\/?page_id=225","title":{"rendered":"Diakonie"},"content":{"rendered":"\n<div class=\"wp-block-columns is-layout-flex wp-container-core-columns-is-layout-9d6595d7 wp-block-columns-is-layout-flex\">\n<div class=\"wp-block-column is-layout-flow wp-block-column-is-layout-flow\">\n<p class=\"has-text-align-center has-nv-light-bg-background-color has-background\">W<em>szyscy, kt\u00f3rzy wst\u0105pili do Wsp\u00f3lnoty, w swoim czasie odkryli sami lub dowiedzieli si\u0119 od innych o wyra\u017anie widocznych talentach, charyzmatach czy nawet darach Ducha \u015awi\u0119tego. <\/em><\/p>\n\n\n\n<p class=\"has-text-align-center\"><em>Duch \u015awi\u0119ty obdarza darami i charyzmatami po to, aby ka\u017cdy cz\u0142onek Wsp\u00f3lnoty m\u00f3g\u0142 si\u0119 na jakim\u015b odcinku zaanga\u017cowa\u0107 w jej \u017cycie i aby nie mia\u0142 obiekcji co do powierzonych mu obowi\u0105zk\u00f3w.<\/em><\/p>\n<\/div>\n\n\n\n<div class=\"wp-block-column is-layout-flow wp-block-column-is-layout-flow\">\n<p class=\"has-text-align-center\"><em>Dzi\u0119ki zaanga\u017cowaniu i wsp\u00f3\u0142pracy poszczeg\u00f3lnych diakonii nasza Wsp\u00f3lnota realizuje r\u00f3\u017cne dzie\u0142a. <\/em><\/p>\n\n\n\n<p class=\"has-text-align-center has-nv-light-bg-background-color has-background\"><em>Owoce pracy ka\u017cdego z nas &#8211; pr\u0119dzej czy p\u00f3\u017aniej &#8211; s\u0105 zauwa\u017calne, zw\u0142aszcza gdy wida\u0107 czyje\u015b szczere zaanga\u017cowanie  podparte prze\u015bwiadczeniem, \u017ce Duch \u015awi\u0119ty zawsze wspomaga!  <\/em><\/p>\n<\/div>\n<\/div>\n\n\n\n<figure class=\"wp-block-gallery has-nested-images columns-6 is-cropped wp-block-gallery-1 is-layout-flex wp-block-gallery-is-layout-flex\">\n<figure class=\"wp-block-image size-full\"><a href=\"https:\/\/michael.odnowa.org\/?page_id=494\" target=\"_blank\" rel=\"noreferrer noopener\"><img loading=\"lazy\" decoding=\"async\" width=\"675\" height=\"777\" data-id=\"637\" src=\"https:\/\/michael.odnowa.org\/wp-content\/uploads\/2024\/10\/diakonia-uwielbienia.jpg\" alt=\"\" class=\"wp-image-637\" srcset=\"https:\/\/michael.odnowa.org\/wp-content\/uploads\/2024\/10\/diakonia-uwielbienia.jpg 675w, https:\/\/michael.odnowa.org\/wp-content\/uploads\/2024\/10\/diakonia-uwielbienia-261x300.jpg 261w\" sizes=\"auto, (max-width: 675px) 100vw, 675px\" \/><\/a><\/figure>\n\n\n\n<figure class=\"wp-block-image size-full\"><a href=\"https:\/\/michael.odnowa.org\/?page_id=660\" target=\"_blank\" rel=\"noreferrer noopener\"><img loading=\"lazy\" decoding=\"async\" width=\"675\" height=\"777\" data-id=\"633\" src=\"https:\/\/michael.odnowa.org\/wp-content\/uploads\/2024\/10\/diakonia-ewangelizacyjna.jpg\" alt=\"\" class=\"wp-image-633\" srcset=\"https:\/\/michael.odnowa.org\/wp-content\/uploads\/2024\/10\/diakonia-ewangelizacyjna.jpg 675w, https:\/\/michael.odnowa.org\/wp-content\/uploads\/2024\/10\/diakonia-ewangelizacyjna-261x300.jpg 261w\" sizes=\"auto, (max-width: 675px) 100vw, 675px\" \/><\/a><\/figure>\n\n\n\n<figure class=\"wp-block-image size-full\"><a href=\"https:\/\/michael.odnowa.org\/?page_id=728\" target=\"_blank\" rel=\"noreferrer noopener\"><img loading=\"lazy\" decoding=\"async\" width=\"675\" height=\"777\" data-id=\"638\" src=\"https:\/\/michael.odnowa.org\/wp-content\/uploads\/2024\/10\/diakonia-wstawiennicza.jpg\" alt=\"\" class=\"wp-image-638\" srcset=\"https:\/\/michael.odnowa.org\/wp-content\/uploads\/2024\/10\/diakonia-wstawiennicza.jpg 675w, https:\/\/michael.odnowa.org\/wp-content\/uploads\/2024\/10\/diakonia-wstawiennicza-261x300.jpg 261w\" sizes=\"auto, (max-width: 675px) 100vw, 675px\" \/><\/a><\/figure>\n\n\n\n<figure class=\"wp-block-image size-full\"><a href=\"https:\/\/michael.odnowa.org\/?page_id=701\" target=\"_blank\" rel=\"noreferrer noopener\"><img loading=\"lazy\" decoding=\"async\" width=\"675\" height=\"777\" data-id=\"635\" src=\"https:\/\/michael.odnowa.org\/wp-content\/uploads\/2024\/10\/diakonia-milosierdzia.jpg\" alt=\"\" class=\"wp-image-635\" srcset=\"https:\/\/michael.odnowa.org\/wp-content\/uploads\/2024\/10\/diakonia-milosierdzia.jpg 675w, https:\/\/michael.odnowa.org\/wp-content\/uploads\/2024\/10\/diakonia-milosierdzia-261x300.jpg 261w\" sizes=\"auto, (max-width: 675px) 100vw, 675px\" \/><\/a><\/figure>\n\n\n\n<figure class=\"wp-block-image size-full\"><a href=\"https:\/\/michael.odnowa.org\/?page_id=769\" target=\"_blank\" rel=\"noreferrer noopener\"><img loading=\"lazy\" decoding=\"async\" width=\"675\" height=\"777\" data-id=\"636\" src=\"https:\/\/michael.odnowa.org\/wp-content\/uploads\/2024\/10\/diakonia-oredownicza.jpg\" alt=\"\" class=\"wp-image-636\" srcset=\"https:\/\/michael.odnowa.org\/wp-content\/uploads\/2024\/10\/diakonia-oredownicza.jpg 675w, https:\/\/michael.odnowa.org\/wp-content\/uploads\/2024\/10\/diakonia-oredownicza-261x300.jpg 261w\" sizes=\"auto, (max-width: 675px) 100vw, 675px\" \/><\/a><\/figure>\n\n\n\n<figure class=\"wp-block-image size-full\"><a href=\"https:\/\/michael.odnowa.org\/?page_id=683\"><img loading=\"lazy\" decoding=\"async\" width=\"675\" height=\"777\" data-id=\"634\" src=\"https:\/\/michael.odnowa.org\/wp-content\/uploads\/2024\/10\/diakonia-goscinnosci.jpg\" alt=\"\" class=\"wp-image-634\" srcset=\"https:\/\/michael.odnowa.org\/wp-content\/uploads\/2024\/10\/diakonia-goscinnosci.jpg 675w, https:\/\/michael.odnowa.org\/wp-content\/uploads\/2024\/10\/diakonia-goscinnosci-261x300.jpg 261w\" sizes=\"auto, (max-width: 675px) 100vw, 675px\" \/><\/a><\/figure>\n<\/figure>\n","protected":false},"excerpt":{"rendered":"<p>Wszyscy, kt\u00f3rzy wst\u0105pili do Wsp\u00f3lnoty, w swoim czasie odkryli sami lub dowiedzieli si\u0119 od innych o wyra\u017anie widocznych talentach, charyzmatach czy nawet darach Ducha \u015awi\u0119tego. Duch \u015awi\u0119ty obdarza darami i charyzmatami po to, aby ka\u017cdy cz\u0142onek Wsp\u00f3lnoty m\u00f3g\u0142 si\u0119 na jakim\u015b odcinku zaanga\u017cowa\u0107 w jej \u017cycie i aby nie mia\u0142 obiekcji co do powierzonych mu&hellip;&nbsp;<a href=\"https:\/\/michael.odnowa.org\/?page_id=225\" rel=\"bookmark\">Dowiedz si\u0119 wi\u0119cej &raquo;<span class=\"screen-reader-text\">Diakonie<\/span><\/a><\/p>\n","protected":false},"author":1,"featured_media":0,"parent":0,"menu_order":0,"comment_status":"closed","ping_status":"closed","template":"","meta":{"neve_meta_sidebar":"default","neve_meta_container":"","neve_meta_enable_content_width":"","neve_meta_content_width":70,"neve_meta_title_alignment":"left","neve_meta_author_avatar":"","neve_post_elements_order":"","neve_meta_disable_header":"off","neve_meta_disable_footer":"","neve_meta_disable_title":"off","footnotes":""},"class_list":["post-225","page","type-page","status-publish","hentry"],"_links":{"self":[{"href":"https:\/\/michael.odnowa.org\/index.php?rest_route=\/wp\/v2\/pages\/225","targetHints":{"allow":["GET"]}}],"collection":[{"href":"https:\/\/michael.odnowa.org\/index.php?rest_route=\/wp\/v2\/pages"}],"about":[{"href":"https:\/\/michael.odnowa.org\/index.php?rest_route=\/wp\/v2\/types\/page"}],"author":[{"embeddable":true,"href":"https:\/\/michael.odnowa.org\/index.php?rest_route=\/wp\/v2\/users\/1"}],"replies":[{"embeddable":true,"href":"https:\/\/michael.odnowa.org\/index.php?rest_route=%2Fwp%2Fv2%2Fcomments&post=225"}],"version-history":[{"count":36,"href":"https:\/\/michael.odnowa.org\/index.php?rest_route=\/wp\/v2\/pages\/225\/revisions"}],"predecessor-version":[{"id":774,"href":"https:\/\/michael.odnowa.org\/index.php?rest_route=\/wp\/v2\/pages\/225\/revisions\/774"}],"wp:attachment":[{"href":"https:\/\/michael.odnowa.org\/index.php?rest_route=%2Fwp%2Fv2%2Fmedia&parent=225"}],"curies":[{"name":"wp","href":"https:\/\/api.w.org\/{rel}","templated":true}]}}