{"id":175,"date":"2023-10-15T16:43:39","date_gmt":"2023-10-15T16:43:39","guid":{"rendered":"https:\/\/michael.odnowa.org\/?page_id=175"},"modified":"2023-10-15T16:43:39","modified_gmt":"2023-10-15T16:43:39","slug":"dzialalnosc-wspolnoty","status":"publish","type":"page","link":"https:\/\/michael.odnowa.org\/?page_id=175","title":{"rendered":"Dzia\u0142alno\u015b\u0107 wsp\u00f3lnoty"},"content":{"rendered":"\n<h3 class=\"wp-block-heading\"><strong>Wtorkowe spotkania modlitewne wsp\u00f3lnoty<\/strong><\/h3>\n\n\n\n<p>Wszyscy spotykamy si\u0119 we&nbsp;wtorki o&nbsp;godzinie 19-tej na&nbsp;wsp\u00f3lnej modlitwie, kt\u00f3r\u0105 rozpoczynamy hymnem do&nbsp;Ducha \u015awi\u0119tego. Charakterystycznymi elementami naszych spotka\u0144 s\u0105: modlitwa uwielbienia, modlitwa psalmami i&nbsp;\u015bpiewem oraz&nbsp;katecheza g\u0142oszona przez&nbsp;ksi\u0119dza lub jednego z&nbsp;animator\u00f3w. Za&nbsp;przygotowanie spotkania i&nbsp;wyb\u00f3r tematu katechezy odpowiedzialna jest grupa animator\u00f3w pod&nbsp;kierunkiem lidera.<\/p>\n\n\n\n<h3 class=\"wp-block-heading\"><strong>Wsp\u00f3lna Eucharystia<\/strong><\/h3>\n\n\n\n<p>W&nbsp;ka\u017cdy drugi wtorek miesi\u0105ca spotykamy si\u0119 o&nbsp;godzinie 18-tej na&nbsp;wsp\u00f3lnej Eucharystii w&nbsp;ko\u015bciele. Po&nbsp;mszy \u015bw.&nbsp;adorujemy Pana Jezusa w&nbsp;Naj\u015bwi\u0119tszym Sakramencie modl\u0105c si\u0119 o&nbsp;uzdrowienie i&nbsp;uwolnienie. Do&nbsp;wsp\u00f3lnej modlitwy zapraszamy r\u00f3wnie\u017c wszystkich sympatyk\u00f3w Odnowy w&nbsp;Duchu \u015awi\u0119tym, by&nbsp;budowa\u0107 jedno\u015b\u0107 w&nbsp;wymiarze parafialnym.<\/p>\n\n\n\n<h3 class=\"wp-block-heading\"><strong>Modlitwa wstawiennicza<\/strong><\/h3>\n\n\n\n<p>Pos\u0142ugujemy we&nbsp;wsp\u00f3lnocie modlitw\u0105 wstawiennicz\u0105 dla wszystkich potrzebuj\u0105cych \u2013 chorych, cierpi\u0105cych, strapionych, zagubionych. Nasze intencje modlitewne obejmuj\u0105 r\u00f3wnie\u017c pok\u00f3j na&nbsp;\u015bwiecie, ewangelizacj\u0119 Wroc\u0142awia i&nbsp;sprawy parafii. Ka\u017cdy, kto czuje tak\u0105 potrzeb\u0119 mo\u017ce r\u00f3wnie\u017c skorzysta\u0107 indywidualnie z&nbsp;modlitwy wstawienniczej.<\/p>\n\n\n\n<h3 class=\"wp-block-heading\"><strong>Seminaria Odnowy Wiary<\/strong><\/h3>\n\n\n\n<p>Staramy si\u0119 co roku organizowa\u0107 Seminarium Odnowy \u017bycia w&nbsp;Duchu \u015awi\u0119tym, kt\u00f3re ma na&nbsp;celu przypomnie\u0107 ludziom o&nbsp;mi\u0142o\u015bci Boga, o&nbsp;grzechu, o&nbsp;zbawieniu i&nbsp;zach\u0119ci\u0107 do&nbsp;przyj\u0119cia Jezusa jako swojego Pana i&nbsp;Zbawiciela. Wsp\u00f3lna modlitwa, katecheza, codzienne rozwa\u017canie fragment\u00f3w Biblii i&nbsp;dzielenie si\u0119 swoimi przemy\u015bleniami w&nbsp;ma\u0142ej grupce prowadzonej przez&nbsp;animatora jest przygotowaniem do&nbsp;modlitwy o&nbsp;\u015bwiadome przyj\u0119cie dar\u00f3w Ducha \u015awi\u0119tego. Dla wi\u0119kszo\u015bci uczestnik\u00f3w jest to&nbsp;znacz\u0105ce prze\u017cycie i&nbsp;rozpocz\u0119cie nowej drogi \u017cycia z&nbsp;Bogiem. Jest to&nbsp;naturalny spos\u00f3b w\u0142\u0105czenia si\u0119 w&nbsp;lokaln\u0105 wsp\u00f3lnot\u0119.<\/p>\n\n\n\n<h3 class=\"wp-block-heading\"><strong>Czuwanie w&nbsp;wigili\u0119 Zes\u0142ania Ducha \u015awi\u0119tego<\/strong><\/h3>\n\n\n\n<p>Uroczysto\u015b\u0107 Zes\u0142ania Ducha \u015awi\u0119tego to&nbsp;\u015bwi\u0119to szczeg\u00f3lne dla wsp\u00f3lnot Odnowy, kt\u00f3re \u017cyj\u0105 Now\u0105 Pi\u0119\u0107dziesi\u0105tnic\u0105. Tradycyjnym elementem \u015bwi\u0119towania jest czuwanie modlitewne w&nbsp;wigili\u0119 Zes\u0142ania Ducha \u015awi\u0119tego, odbywaj\u0105ce si\u0119 w&nbsp;r\u00f3\u017cnych \u015bwi\u0105tyniach miasta.<\/p>\n\n\n\n<h3 class=\"wp-block-heading\"><strong>Doroczne spotkanie w&nbsp;Cz\u0119stochowie<\/strong><\/h3>\n\n\n\n<p>Sta\u0142ym punktem harmonogramu jest uczestniczenie w&nbsp;corocznym og\u00f3lnopolskim Dniu Jedno\u015bci Wsp\u00f3lnot Odnowy w&nbsp;Duchu \u015awi\u0119tym na&nbsp;Jasnej G\u00f3rze. Liderzy i&nbsp;animatorzy rozpoczynaj\u0105 to&nbsp;spotkanie dzie\u0144 wcze\u015bniej, by&nbsp;jeszcze intensywniej wykorzysta\u0107 obecno\u015b\u0107 zapraszanych na&nbsp;t\u0105 okazj\u0119 znakomitych go\u015bci z&nbsp;zagranicy, zwi\u0105zanych z&nbsp;ruchem charyzmatycznym. Dla wszystkich uczestnik\u00f3w Dnia Jedno\u015bci jest to&nbsp;wspania\u0142e do\u015bwiadczenie mocy modlitwy wsp\u00f3lnotowej \u2013 radosne uwielbianie Boga w&nbsp;wielotysi\u0119cznej wsp\u00f3lnocie, wsp\u00f3lna Eucharystia pod&nbsp;przewodnictwem biskup\u00f3w i&nbsp;dziesi\u0105tk\u00f3w kap\u0142an\u00f3w zwi\u0105zanych z&nbsp;Odnow\u0105, nauczanie zaproszonych go\u015bci, \u015bwiadectwa \u017cycia.<\/p>\n\n\n\n<h3 class=\"wp-block-heading\"><strong>Formacja religijna cz\u0142onk\u00f3w wsp\u00f3lnoty<\/strong><\/h3>\n\n\n\n<p>Poza samokszta\u0142ceniem i&nbsp;formacj\u0105 na&nbsp;spotkaniach ka\u017cdy ma mo\u017cliwo\u015b\u0107 uczestniczenia w&nbsp;kilkudniowych letnich i&nbsp;zimowych rekolekcjach organizowanych poza Wroc\u0142awiem oraz&nbsp;w&nbsp;weekendowych sesjach w&nbsp;ci\u0105gu roku.<\/p>\n","protected":false},"excerpt":{"rendered":"<p>Wtorkowe spotkania modlitewne wsp\u00f3lnoty Wszyscy spotykamy si\u0119 we&nbsp;wtorki o&nbsp;godzinie 19-tej na&nbsp;wsp\u00f3lnej modlitwie, kt\u00f3r\u0105 rozpoczynamy hymnem do&nbsp;Ducha \u015awi\u0119tego. Charakterystycznymi elementami naszych spotka\u0144 s\u0105: modlitwa uwielbienia, modlitwa psalmami i&nbsp;\u015bpiewem oraz&nbsp;katecheza g\u0142oszona przez&nbsp;ksi\u0119dza lub jednego z&nbsp;animator\u00f3w. Za&nbsp;przygotowanie spotkania i&nbsp;wyb\u00f3r tematu katechezy odpowiedzialna jest grupa animator\u00f3w pod&nbsp;kierunkiem lidera. Wsp\u00f3lna Eucharystia W&nbsp;ka\u017cdy drugi wtorek miesi\u0105ca spotykamy si\u0119 o&nbsp;godzinie 18-tej na&nbsp;wsp\u00f3lnej&hellip;&nbsp;<a href=\"https:\/\/michael.odnowa.org\/?page_id=175\" rel=\"bookmark\">Dowiedz si\u0119 wi\u0119cej &raquo;<span class=\"screen-reader-text\">Dzia\u0142alno\u015b\u0107 wsp\u00f3lnoty<\/span><\/a><\/p>\n","protected":false},"author":1,"featured_media":0,"parent":0,"menu_order":0,"comment_status":"closed","ping_status":"closed","template":"","meta":{"neve_meta_sidebar":"","neve_meta_container":"","neve_meta_enable_content_width":"","neve_meta_content_width":0,"neve_meta_title_alignment":"","neve_meta_author_avatar":"","neve_post_elements_order":"","neve_meta_disable_header":"","neve_meta_disable_footer":"","neve_meta_disable_title":"","footnotes":""},"class_list":["post-175","page","type-page","status-publish","hentry"],"_links":{"self":[{"href":"https:\/\/michael.odnowa.org\/index.php?rest_route=\/wp\/v2\/pages\/175","targetHints":{"allow":["GET"]}}],"collection":[{"href":"https:\/\/michael.odnowa.org\/index.php?rest_route=\/wp\/v2\/pages"}],"about":[{"href":"https:\/\/michael.odnowa.org\/index.php?rest_route=\/wp\/v2\/types\/page"}],"author":[{"embeddable":true,"href":"https:\/\/michael.odnowa.org\/index.php?rest_route=\/wp\/v2\/users\/1"}],"replies":[{"embeddable":true,"href":"https:\/\/michael.odnowa.org\/index.php?rest_route=%2Fwp%2Fv2%2Fcomments&post=175"}],"version-history":[{"count":1,"href":"https:\/\/michael.odnowa.org\/index.php?rest_route=\/wp\/v2\/pages\/175\/revisions"}],"predecessor-version":[{"id":176,"href":"https:\/\/michael.odnowa.org\/index.php?rest_route=\/wp\/v2\/pages\/175\/revisions\/176"}],"wp:attachment":[{"href":"https:\/\/michael.odnowa.org\/index.php?rest_route=%2Fwp%2Fv2%2Fmedia&parent=175"}],"curies":[{"name":"wp","href":"https:\/\/api.w.org\/{rel}","templated":true}]}}